{"id":26656,"date":"2023-11-01T14:16:59","date_gmt":"2023-11-01T06:16:59","guid":{"rendered":"https:\/\/duracordix.com\/?page_id=26656"},"modified":"2025-07-14T20:17:27","modified_gmt":"2025-07-14T12:17:27","slug":"datenschutzrichtlinie","status":"publish","type":"page","link":"https:\/\/duracordix.com\/de\/privacy-policy\/","title":{"rendered":"Datenschutzrichtlinie"},"content":{"rendered":"<div data-elementor-type=\"wp-page\" data-elementor-id=\"26656\" class=\"elementor elementor-26656\" data-elementor-post-type=\"page\">\n\t\t\t\t\t\t<section class=\"elementor-section elementor-top-section elementor-element elementor-element-39d6069c elementor-section-boxed elementor-section-height-default elementor-section-height-default\" data-id=\"39d6069c\" data-element_type=\"section\" data-e-type=\"section\">\n\t\t\t\t\t\t<div class=\"elementor-container elementor-column-gap-default\">\n\t\t\t\t\t<div class=\"elementor-column elementor-col-100 elementor-top-column elementor-element elementor-element-5f12eddb\" data-id=\"5f12eddb\" data-element_type=\"column\" data-e-type=\"column\">\n\t\t\t<div class=\"elementor-widget-wrap elementor-element-populated\">\n\t\t\t\t\t\t<div class=\"elementor-element elementor-element-3e1dc227 elementor-widget elementor-widget-text-editor\" data-id=\"3e1dc227\" data-element_type=\"widget\" data-e-type=\"widget\" data-widget_type=\"text-editor.default\">\n\t\t\t\t<div class=\"elementor-widget-container\">\n\t\t\t\t\t\t\t\t\t<h2>Wer wir sind<\/h2>\n<p><!-- \/wp:heading --><\/p>\n<p><!-- wp:paragraph --><\/p>\n<p>Unsere Website-Adresse lautet: https:\/\/duracordix.com.<\/p>\n<p><!-- \/wp:paragraph --><\/p>\n<p><!-- wp:heading --><\/p>\n<h2>Kommentare<\/h2>\n<p><!-- \/wp:heading --><\/p>\n<p><!-- wp:paragraph --><\/p>\n<p>Wenn Besucher Kommentare auf der Site hinterlassen, erfassen wir die im Kommentarformular angezeigten Daten sowie die IP-Adresse des Besuchers und die Zeichenfolge des Browser-Benutzeragenten, um die Spam-Erkennung zu unterst\u00fctzen.<\/p>\n<p><!-- \/wp:paragraph --><\/p>\n<p><!-- wp:paragraph --><\/p>\n<p>Aus Ihrer E-Mail-Adresse kann eine anonymisierte Zeichenfolge (auch Hash genannt) an den Gravatar-Dienst \u00fcbermittelt werden, um zu pr\u00fcfen, ob Sie ihn verwenden. Die Datenschutzrichtlinie des Gravatar-Dienstes finden Sie hier:&nbsp;<a href=\"https:\/\/duracordix.com\/de\/datenschutzrichtlinie\/\" target=\"_blank\">https:\/\/duracordix.com\/privacy-policy\/<\/a>Nach der Freigabe Ihres Kommentars ist Ihr Profilbild im Kontext Ihres Kommentars \u00f6ffentlich sichtbar.<\/p>\n<p><!-- \/wp:paragraph --><\/p>\n<p><!-- wp:heading --><\/p>\n<h2>Medien<\/h2>\n<p><!-- \/wp:heading --><\/p>\n<p><!-- wp:paragraph --><\/p>\n<p>Wenn Sie Bilder auf die Website hochladen, sollten Sie vermeiden, Bilder mit eingebetteten Standortdaten (EXIF GPS) hochzuladen. Besucher der Website k\u00f6nnen Standortdaten aus Bildern auf der Website herunterladen und extrahieren.<\/p>\n<p><!-- \/wp:paragraph --><\/p>\n<p><!-- wp:heading --><\/p>\n<h2>Cookie-Hinweis<\/h2>\n<p><!-- \/wp:heading --><\/p>\n<p><!-- wp:paragraph --><\/p>\n<p>Wenn Sie einen Kommentar auf unserer Website hinterlassen, k\u00f6nnen Sie Ihren Namen, Ihre E-Mail-Adresse und Ihre Website in Cookies speichern. Dies dient Ihrer Bequemlichkeit, damit Sie Ihre Daten nicht erneut eingeben m\u00fcssen, wenn Sie einen weiteren Kommentar hinterlassen. Diese Cookies sind ein Jahr lang g\u00fcltig.<\/p>\n<p><!-- \/wp:paragraph --><\/p>\n<p><!-- wp:paragraph --><\/p>\n<p>Wenn Sie ein Konto haben und sich auf dieser Website anmelden, werden wir ein tempor\u00e4res Cookie setzen, um festzustellen, ob Ihr Browser Cookies akzeptiert. Dieses Cookie enth\u00e4lt keine personenbezogenen Daten und wird verworfen, wenn Sie Ihren Browser schlie\u00dfen.<\/p>\n<p><!-- \/wp:paragraph --><\/p>\n<p><!-- wp:paragraph --><\/p>\n<p>Wenn Sie sich anmelden, setzen wir au\u00dferdem mehrere Cookies, um Ihre Anmeldeinformationen und Ihre Anzeigeoptionen zu speichern. Anmelde-Cookies verfallen zwei Tage lang, Cookies f\u00fcr Anzeigeoptionen ein Jahr lang. Wenn Sie \u201eAngemeldet bleiben\u201c ausw\u00e4hlen, bleibt Ihre Anmeldung zwei Wochen lang bestehen. Wenn Sie sich von Ihrem Konto abmelden, werden die Anmelde-Cookies gel\u00f6scht.<\/p>\n<p><!-- \/wp:paragraph --><\/p>\n<p><!-- wp:paragraph --><\/p>\n<p>Wenn Sie einen Artikel bearbeiten oder ver\u00f6ffentlichen, wird ein zus\u00e4tzlicher Cookie in Ihrem Browser gespeichert. Dieser Cookie enth\u00e4lt keine personenbezogenen Daten und gibt lediglich die Beitrags-ID des gerade bearbeiteten Artikels an. Er verf\u00e4llt nach einem Tag.<\/p>\n<p><!-- \/wp:paragraph --><\/p>\n<p><!-- wp:heading --><\/p>\n<h2>Eingebettete Inhalte von anderen Websites<\/h2>\n<p><!-- \/wp:heading --><\/p>\n<p><!-- wp:paragraph --><\/p>\n<p>Artikel auf dieser Website k\u00f6nnen eingebettete Inhalte enthalten (z. B. Videos, Bilder, Artikel usw.). Eingebettete Inhalte von anderen Websites verhalten sich genau so, als ob die&nbsp;<a href=\"https:\/\/www.google.com\/\" target=\"_blank\" rel=\"noopener\">Gast<\/a>&nbsp;hat die andere Website besucht.<\/p>\n<p><!-- \/wp:paragraph --><\/p>\n<p><!-- wp:paragraph --><\/p>\n<p>Diese Websites k\u00f6nnen Daten \u00fcber Sie sammeln, Cookies benutzen, zus\u00e4tzliche Tracking-Dienste von Dritten einbetten und Ihre Interaktion mit diesem eingebetteten Inhalt aufzeichnen, inklusive Ihrer Interaktion mit dem eingebetteten Inhalt, falls Sie ein Konto haben und auf dieser Website angemeldet sind.<\/p>\n<p><!-- \/wp:paragraph --><\/p>\n<p><!-- wp:heading --><\/p>\n<h2>Mit wem wir Ihre Daten teilen<\/h2>\n<p><!-- \/wp:heading --><\/p>\n<p><!-- wp:paragraph --><\/p>\n<p>Wenn Sie eine Zur\u00fccksetzung des Passworts anfordern, wird Ihre IP-Adresse in der E-Mail zur Zur\u00fccksetzung enthalten sein.<\/p>\n<p><!-- \/wp:paragraph --><\/p>\n<p><!-- wp:heading --><\/p>\n<h2>Wie lange wir Ihre Daten speichern<\/h2>\n<p><!-- \/wp:heading --><\/p>\n<p><!-- wp:paragraph --><\/p>\n<p>Wenn Sie einen Kommentar hinterlassen, werden dieser und seine Metadaten zeitlich unbegrenzt gespeichert. So k\u00f6nnen wir Folgekommentare automatisch erkennen und freigeben, anstatt sie in einer Moderations-Warteschlange festzuhalten.<\/p>\n<p><!-- \/wp:paragraph --><\/p>\n<p><!-- wp:paragraph --><\/p>\n<p>F\u00fcr Benutzer, die sich auf unserer Website registrieren (falls vorhanden), speichern wir zus\u00e4tzlich die pers\u00f6nlichen Informationen, die sie in ihren Benutzerprofilen angeben. Alle Benutzer k\u00f6nnen ihre pers\u00f6nlichen Informationen jederzeit einsehen, bearbeiten oder l\u00f6schen (mit Ausnahme des Benutzernamens). Website-Administratoren k\u00f6nnen diese Informationen ebenfalls einsehen und bearbeiten.<\/p>\n<p><!-- \/wp:paragraph --><\/p>\n<p><!-- wp:heading --><\/p>\n<h2>Welche Rechte Sie an Ihren Daten haben<\/h2>\n<p><!-- \/wp:heading --><\/p>\n<p><!-- wp:paragraph --><\/p>\n<p>Wenn Sie ein Konto auf dieser Website besitzen oder Kommentare hinterlassen haben, k\u00f6nnen Sie einen Export Ihrer bei uns gespeicherten personenbezogenen Daten anfordern, inklusive aller Daten, die Sie uns mitgeteilt haben. Dar\u00fcber hinaus k\u00f6nnen Sie die L\u00f6schung aller von Ihnen gespeicherten personenbezogenen Daten anfordern. Dies umfasst nicht die Daten, die wir aufgrund administrativer, rechtlicher oder sicherheitsrelevanter Notwendigkeiten aufbewahren m\u00fcssen.<\/p>\n<p><!-- \/wp:paragraph --><\/p>\n<p><!-- wp:heading --><\/p>\n<h2>Wohin Ihre Daten gesendet werden<\/h2>\n<p><!-- \/wp:heading --><\/p>\n<p><!-- wp:paragraph --><\/p>\n<p>Besucherkommentare k\u00f6nnten von einem automatisierten Dienst zur Spam-Erkennung untersucht werden.<\/p>\n<p><!-- \/wp:paragraph --><\/p>\t\t\t\t\t\t\t\t<\/div>\n\t\t\t\t<\/div>\n\t\t\t\t\t<\/div>\n\t\t<\/div>\n\t\t\t\t\t<\/div>\n\t\t<\/section>\n\t\t\t\t<\/div>","protected":false},"excerpt":{"rendered":"<p>Who we are Our website address is: https:\/\/duracordix.com. Comments When visitors leave comments on the site we collect the data shown in the comments form, and also the visitor\u2019s IP address and browser user agent string to help spam detection. An anonymized string created from your email address (also called a hash) may be provided [&hellip;]<\/p>\n","protected":false},"author":1,"featured_media":0,"parent":0,"menu_order":0,"comment_status":"closed","ping_status":"closed","template":"","meta":{"footnotes":""},"class_list":["post-26656","page","type-page","status-publish","hentry"],"yoast_head":"<!-- This site is optimized with the Yoast SEO plugin v27.4 - https:\/\/yoast.com\/product\/yoast-seo-wordpress\/ -->\n<title>Privacy Policy - Duracordix - Your Trusted Supplier for High-Performance Synthetic Rope &amp; Netting<\/title>\n<meta name=\"description\" content=\"Privacy Policy - Looking for quality synthetic fiber ropes that can withstand heavy use? Look no further than Duracordix! Our synthetic ropes\" \/>\n<meta name=\"robots\" content=\"index, follow, max-snippet:-1, max-image-preview:large, max-video-preview:-1\" \/>\n<link rel=\"canonical\" href=\"https:\/\/duracordix.com\/de\/datenschutzrichtlinie\/\" \/>\n<meta property=\"og:locale\" content=\"de_DE\" \/>\n<meta property=\"og:type\" content=\"article\" \/>\n<meta property=\"og:title\" content=\"Privacy Policy\" \/>\n<meta property=\"og:description\" content=\"Privacy Policy - Looking for quality synthetic fiber ropes that can withstand heavy use? Look no further than Duracordix! Our synthetic ropes\" \/>\n<meta property=\"og:url\" content=\"https:\/\/duracordix.com\/de\/datenschutzrichtlinie\/\" \/>\n<meta property=\"og:site_name\" content=\"Duracordix - Your Trusted Supplier for High-Performance Synthetic Rope &amp; Netting\" \/>\n<meta property=\"article:publisher\" content=\"https:\/\/www.facebook.com\/duracordixsyntheticrope\/\" \/>\n<meta property=\"article:modified_time\" content=\"2025-07-14T12:17:27+00:00\" \/>\n<meta property=\"og:image\" content=\"https:\/\/duracordix.com\/wp-content\/uploads\/2023\/11\/cropped-Duracordix2-\u526f\u672c.png\" \/>\n\t<meta property=\"og:image:width\" content=\"512\" \/>\n\t<meta property=\"og:image:height\" content=\"512\" \/>\n\t<meta property=\"og:image:type\" content=\"image\/png\" \/>\n<meta name=\"twitter:card\" content=\"summary_large_image\" \/>\n<meta name=\"twitter:title\" content=\"Privacy Policy\" \/>\n<meta name=\"twitter:description\" content=\"Privacy Policy - Looking for quality synthetic fiber ropes that can withstand heavy use? Look no further than Duracordix! Our synthetic ropes\" \/>\n<meta name=\"twitter:image\" content=\"https:\/\/duracordix.com\/wp-content\/uploads\/2023\/11\/cropped-Duracordix2-\u526f\u672c.png\" \/>\n<meta name=\"twitter:site\" content=\"@moses0817\" \/>\n<meta name=\"twitter:label1\" content=\"Gesch\u00e4tzte Lesezeit\" \/>\n\t<meta name=\"twitter:data1\" content=\"3\u00a0Minuten\" \/>\n<script type=\"application\/ld+json\" class=\"yoast-schema-graph\">{\"@context\":\"https:\\\/\\\/schema.org\",\"@graph\":[{\"@type\":\"WebPage\",\"@id\":\"https:\\\/\\\/duracordix.com\\\/privacy-policy\\\/\",\"url\":\"https:\\\/\\\/duracordix.com\\\/privacy-policy\\\/\",\"name\":\"Privacy Policy - Duracordix - Your Trusted Supplier for High-Performance Synthetic Rope &amp; Netting\",\"isPartOf\":{\"@id\":\"https:\\\/\\\/duracordix.com\\\/#website\"},\"datePublished\":\"2023-11-01T06:16:59+00:00\",\"dateModified\":\"2025-07-14T12:17:27+00:00\",\"description\":\"Privacy Policy - Looking for quality synthetic fiber ropes that can withstand heavy use? Look no further than Duracordix! Our synthetic ropes\",\"breadcrumb\":{\"@id\":\"https:\\\/\\\/duracordix.com\\\/privacy-policy\\\/#breadcrumb\"},\"inLanguage\":\"de\",\"potentialAction\":[{\"@type\":\"ReadAction\",\"target\":[\"https:\\\/\\\/duracordix.com\\\/privacy-policy\\\/\"]}]},{\"@type\":\"BreadcrumbList\",\"@id\":\"https:\\\/\\\/duracordix.com\\\/privacy-policy\\\/#breadcrumb\",\"itemListElement\":[{\"@type\":\"ListItem\",\"position\":1,\"name\":\"Homepage\",\"item\":\"https:\\\/\\\/duracordix.com\\\/\"},{\"@type\":\"ListItem\",\"position\":2,\"name\":\"Privacy Policy\"}]},{\"@type\":\"WebSite\",\"@id\":\"https:\\\/\\\/duracordix.com\\\/#website\",\"url\":\"https:\\\/\\\/duracordix.com\\\/\",\"name\":\"Duracordix - Your Trusted Supplier for High-Performance Synthetic Ropes\",\"description\":\"Your Synthetic Rope &amp; Netting Solution Provider For Vehicle Towing, Mooring, Fishing, Construction and More!\",\"publisher\":{\"@id\":\"https:\\\/\\\/duracordix.com\\\/#organization\"},\"potentialAction\":[{\"@type\":\"SearchAction\",\"target\":{\"@type\":\"EntryPoint\",\"urlTemplate\":\"https:\\\/\\\/duracordix.com\\\/?s={search_term_string}\"},\"query-input\":{\"@type\":\"PropertyValueSpecification\",\"valueRequired\":true,\"valueName\":\"search_term_string\"}}],\"inLanguage\":\"de\"},{\"@type\":\"Organization\",\"@id\":\"https:\\\/\\\/duracordix.com\\\/#organization\",\"name\":\"Duracordix - Your Trusted Supplier for High-Performance Synthetic Ropes\",\"url\":\"https:\\\/\\\/duracordix.com\\\/\",\"logo\":{\"@type\":\"ImageObject\",\"inLanguage\":\"de\",\"@id\":\"https:\\\/\\\/duracordix.com\\\/#\\\/schema\\\/logo\\\/image\\\/\",\"url\":\"https:\\\/\\\/duracordix.com\\\/wp-content\\\/uploads\\\/2023\\\/12\\\/Duracordix-Logo-New.png\",\"contentUrl\":\"https:\\\/\\\/duracordix.com\\\/wp-content\\\/uploads\\\/2023\\\/12\\\/Duracordix-Logo-New.png\",\"width\":1008,\"height\":486,\"caption\":\"Duracordix - Your Trusted Supplier for High-Performance Synthetic Ropes\"},\"image\":{\"@id\":\"https:\\\/\\\/duracordix.com\\\/#\\\/schema\\\/logo\\\/image\\\/\"},\"sameAs\":[\"https:\\\/\\\/www.facebook.com\\\/duracordixsyntheticrope\\\/\",\"https:\\\/\\\/x.com\\\/moses0817\",\"https:\\\/\\\/www.linkedin.com\\\/company\\\/duracordix-synthetic-rope\\\/\",\"https:\\\/\\\/www.youtube.com\\\/@duracordixsyntheticrope\",\"https:\\\/\\\/www.instagram.com\\\/duracordix_synthetic_rope7\\\/\"]}]}<\/script>\n<!-- \/ Yoast SEO plugin. -->","yoast_head_json":{"title":"Datenschutzrichtlinie \u2013 Duracordix \u2013 Ihr zuverl\u00e4ssiger Lieferant f\u00fcr Hochleistungsseile und -netze aus synthetischen Materialien","description":"Datenschutz - Suchen Sie hochwertige Kunstfaserseile, die starker Beanspruchung standhalten? Dann sind Sie bei Duracordix genau richtig! Unsere Kunstfaserseile","robots":{"index":"index","follow":"follow","max-snippet":"max-snippet:-1","max-image-preview":"max-image-preview:large","max-video-preview":"max-video-preview:-1"},"canonical":"https:\/\/duracordix.com\/de\/datenschutzrichtlinie\/","og_locale":"de_DE","og_type":"article","og_title":"Privacy Policy","og_description":"Privacy Policy - Looking for quality synthetic fiber ropes that can withstand heavy use? Look no further than Duracordix! Our synthetic ropes","og_url":"https:\/\/duracordix.com\/de\/datenschutzrichtlinie\/","og_site_name":"Duracordix - Your Trusted Supplier for High-Performance Synthetic Rope &amp; Netting","article_publisher":"https:\/\/www.facebook.com\/duracordixsyntheticrope\/","article_modified_time":"2025-07-14T12:17:27+00:00","og_image":[{"width":512,"height":512,"url":"https:\/\/duracordix.com\/wp-content\/uploads\/2023\/11\/cropped-Duracordix2-\u526f\u672c.png","type":"image\/png"}],"twitter_card":"summary_large_image","twitter_title":"Privacy Policy","twitter_description":"Privacy Policy - Looking for quality synthetic fiber ropes that can withstand heavy use? Look no further than Duracordix! Our synthetic ropes","twitter_image":"https:\/\/duracordix.com\/wp-content\/uploads\/2023\/11\/cropped-Duracordix2-\u526f\u672c.png","twitter_site":"@moses0817","twitter_misc":{"Gesch\u00e4tzte Lesezeit":"3\u00a0Minuten"},"schema":{"@context":"https:\/\/schema.org","@graph":[{"@type":"WebPage","@id":"https:\/\/duracordix.com\/privacy-policy\/","url":"https:\/\/duracordix.com\/privacy-policy\/","name":"Datenschutzrichtlinie \u2013 Duracordix \u2013 Ihr zuverl\u00e4ssiger Lieferant f\u00fcr Hochleistungsseile und -netze aus synthetischen Materialien","isPartOf":{"@id":"https:\/\/duracordix.com\/#website"},"datePublished":"2023-11-01T06:16:59+00:00","dateModified":"2025-07-14T12:17:27+00:00","description":"Datenschutz - Suchen Sie hochwertige Kunstfaserseile, die starker Beanspruchung standhalten? Dann sind Sie bei Duracordix genau richtig! Unsere Kunstfaserseile","breadcrumb":{"@id":"https:\/\/duracordix.com\/privacy-policy\/#breadcrumb"},"inLanguage":"de","potentialAction":[{"@type":"ReadAction","target":["https:\/\/duracordix.com\/privacy-policy\/"]}]},{"@type":"BreadcrumbList","@id":"https:\/\/duracordix.com\/privacy-policy\/#breadcrumb","itemListElement":[{"@type":"ListItem","position":1,"name":"Homepage","item":"https:\/\/duracordix.com\/"},{"@type":"ListItem","position":2,"name":"Privacy Policy"}]},{"@type":"WebSite","@id":"https:\/\/duracordix.com\/#website","url":"https:\/\/duracordix.com\/","name":"Duracordix \u2013 Ihr zuverl\u00e4ssiger Lieferant f\u00fcr Hochleistungs-Kunststoffseile","description":"Ihr Anbieter f\u00fcr synthetische Seil- und Netzl\u00f6sungen f\u00fcr Fahrzeugabschleppung, Festmachen, Angeln, Bauwesen und mehr!","publisher":{"@id":"https:\/\/duracordix.com\/#organization"},"potentialAction":[{"@type":"SearchAction","target":{"@type":"EntryPoint","urlTemplate":"https:\/\/duracordix.com\/?s={search_term_string}"},"query-input":{"@type":"PropertyValueSpecification","valueRequired":true,"valueName":"search_term_string"}}],"inLanguage":"de"},{"@type":"Organization","@id":"https:\/\/duracordix.com\/#organization","name":"Duracordix \u2013 Ihr zuverl\u00e4ssiger Lieferant f\u00fcr Hochleistungs-Kunststoffseile","url":"https:\/\/duracordix.com\/","logo":{"@type":"ImageObject","inLanguage":"de","@id":"https:\/\/duracordix.com\/#\/schema\/logo\/image\/","url":"https:\/\/duracordix.com\/wp-content\/uploads\/2023\/12\/Duracordix-Logo-New.png","contentUrl":"https:\/\/duracordix.com\/wp-content\/uploads\/2023\/12\/Duracordix-Logo-New.png","width":1008,"height":486,"caption":"Duracordix - Your Trusted Supplier for High-Performance Synthetic Ropes"},"image":{"@id":"https:\/\/duracordix.com\/#\/schema\/logo\/image\/"},"sameAs":["https:\/\/www.facebook.com\/duracordixsyntheticrope\/","https:\/\/x.com\/moses0817","https:\/\/www.linkedin.com\/company\/duracordix-synthetic-rope\/","https:\/\/www.youtube.com\/@duracordixsyntheticrope","https:\/\/www.instagram.com\/duracordix_synthetic_rope7\/"]}]}},"_links":{"self":[{"href":"https:\/\/duracordix.com\/de\/wp-json\/wp\/v2\/pages\/26656","targetHints":{"allow":["GET"]}}],"collection":[{"href":"https:\/\/duracordix.com\/de\/wp-json\/wp\/v2\/pages"}],"about":[{"href":"https:\/\/duracordix.com\/de\/wp-json\/wp\/v2\/types\/page"}],"author":[{"embeddable":true,"href":"https:\/\/duracordix.com\/de\/wp-json\/wp\/v2\/users\/1"}],"replies":[{"embeddable":true,"href":"https:\/\/duracordix.com\/de\/wp-json\/wp\/v2\/comments?post=26656"}],"version-history":[{"count":0,"href":"https:\/\/duracordix.com\/de\/wp-json\/wp\/v2\/pages\/26656\/revisions"}],"wp:attachment":[{"href":"https:\/\/duracordix.com\/de\/wp-json\/wp\/v2\/media?parent=26656"}],"curies":[{"name":"wp","href":"https:\/\/api.w.org\/{rel}","templated":true}]}}