{"id":26656,"date":"2023-11-01T14:16:59","date_gmt":"2023-11-01T06:16:59","guid":{"rendered":"https:\/\/duracordix.com\/?page_id=26656"},"modified":"2025-07-14T20:17:27","modified_gmt":"2025-07-14T12:17:27","slug":"politique-de-confidentialite","status":"publish","type":"page","link":"https:\/\/duracordix.com\/fr\/privacy-policy\/","title":{"rendered":"politique de confidentialit\u00e9"},"content":{"rendered":"<div data-elementor-type=\"wp-page\" data-elementor-id=\"26656\" class=\"elementor elementor-26656\" data-elementor-post-type=\"page\">\n\t\t\t\t\t\t<section class=\"elementor-section elementor-top-section elementor-element elementor-element-39d6069c elementor-section-boxed elementor-section-height-default elementor-section-height-default\" data-id=\"39d6069c\" data-element_type=\"section\" data-e-type=\"section\">\n\t\t\t\t\t\t<div class=\"elementor-container elementor-column-gap-default\">\n\t\t\t\t\t<div class=\"elementor-column elementor-col-100 elementor-top-column elementor-element elementor-element-5f12eddb\" data-id=\"5f12eddb\" data-element_type=\"column\" data-e-type=\"column\">\n\t\t\t<div class=\"elementor-widget-wrap elementor-element-populated\">\n\t\t\t\t\t\t<div class=\"elementor-element elementor-element-3e1dc227 elementor-widget elementor-widget-text-editor\" data-id=\"3e1dc227\" data-element_type=\"widget\" data-e-type=\"widget\" data-widget_type=\"text-editor.default\">\n\t\t\t\t<div class=\"elementor-widget-container\">\n\t\t\t\t\t\t\t\t\t<h2>Qui sommes-nous<\/h2>\n<p><!-- \/wp:heading --><\/p>\n<p><!-- wp:paragraph --><\/p>\n<p>L&#039;adresse de notre site Web est : https:\/\/duracordix.com.<\/p>\n<p><!-- \/wp:paragraph --><\/p>\n<p><!-- wp:heading --><\/p>\n<h2>Commentaires<\/h2>\n<p><!-- \/wp:heading --><\/p>\n<p><!-- wp:paragraph --><\/p>\n<p>Lorsque les visiteurs laissent des commentaires sur le site, nous collectons les donn\u00e9es affich\u00e9es dans le formulaire de commentaires, ainsi que l&#039;adresse IP du visiteur et la cha\u00eene de l&#039;agent utilisateur du navigateur pour aider \u00e0 la d\u00e9tection du spam.<\/p>\n<p><!-- \/wp:paragraph --><\/p>\n<p><!-- wp:paragraph --><\/p>\n<p>Une cha\u00eene anonymis\u00e9e cr\u00e9\u00e9e \u00e0 partir de votre adresse e-mail (\u00e9galement appel\u00e9e hachage) peut \u00eatre fournie au service Gravatar pour v\u00e9rifier si vous l&#039;utilisez. La politique de confidentialit\u00e9 du service Gravatar est disponible ici\u00a0:&nbsp;<a href=\"https:\/\/duracordix.com\/fr\/politique-de-confidentialite\/\" target=\"_blank\">https:\/\/duracordix.com\/privacy-policy\/<\/a>. Apr\u00e8s validation de votre commentaire, votre photo de profil est visible publiquement dans le contexte de votre commentaire.<\/p>\n<p><!-- \/wp:paragraph --><\/p>\n<p><!-- wp:heading --><\/p>\n<h2>M\u00e9dias<\/h2>\n<p><!-- \/wp:heading --><\/p>\n<p><!-- wp:paragraph --><\/p>\n<p>Si vous t\u00e9l\u00e9chargez des images sur le site web, \u00e9vitez celles contenant des donn\u00e9es de localisation EXIF GPS. Les visiteurs du site web peuvent t\u00e9l\u00e9charger et extraire ces donn\u00e9es de localisation.<\/p>\n<p><!-- \/wp:paragraph --><\/p>\n<p><!-- wp:heading --><\/p>\n<h2>Cookies<\/h2>\n<p><!-- \/wp:heading --><\/p>\n<p><!-- wp:paragraph --><\/p>\n<p>Si vous laissez un commentaire sur notre site, vous pouvez choisir d&#039;enregistrer votre nom, votre adresse e-mail et votre site web dans des cookies. Ces cookies sont uniquement destin\u00e9s \u00e0 votre confort afin de vous \u00e9viter d&#039;avoir \u00e0 les saisir \u00e0 nouveau lorsque vous laisserez un autre commentaire. Ces cookies dureront un an.<\/p>\n<p><!-- \/wp:paragraph --><\/p>\n<p><!-- wp:paragraph --><\/p>\n<p>Si vous visitez notre page de connexion, nous installerons un cookie temporaire afin de d\u00e9terminer si votre navigateur accepte les cookies. Ce cookie ne contient aucune donn\u00e9e personnelle et sera supprim\u00e9 lorsque vous fermerez votre navigateur.<\/p>\n<p><!-- \/wp:paragraph --><\/p>\n<p><!-- wp:paragraph --><\/p>\n<p>Lorsque vous vous connectez, nous utilisons \u00e9galement plusieurs cookies pour enregistrer vos informations de connexion et vos pr\u00e9f\u00e9rences d&#039;affichage. La dur\u00e9e de vie d&#039;un cookie de connexion est de deux jours et celle d&#039;un cookie d&#039;option d&#039;affichage est d&#039;un an. Si vous cochez \u00ab\u00a0Se souvenir de moi\u00a0\u00bb, votre connexion sera conserv\u00e9e pendant deux semaines. Si vous vous d\u00e9connectez de votre compte, les cookies de connexion seront supprim\u00e9s.<\/p>\n<p><!-- \/wp:paragraph --><\/p>\n<p><!-- wp:paragraph --><\/p>\n<p>Si vous modifiez ou publiez un article, un cookie suppl\u00e9mentaire sera enregistr\u00e9 dans votre navigateur. Ce cookie ne contient aucune donn\u00e9e personnelle et indique simplement l&#039;identifiant de l&#039;article que vous venez de modifier. Il expire au bout d&#039;un jour.<\/p>\n<p><!-- \/wp:paragraph --><\/p>\n<p><!-- wp:heading --><\/p>\n<h2>Contenu int\u00e9gr\u00e9 provenant d&#039;autres sites Web<\/h2>\n<p><!-- \/wp:heading --><\/p>\n<p><!-- wp:paragraph --><\/p>\n<p>Les articles de ce site peuvent inclure du contenu int\u00e9gr\u00e9 (par exemple, des vid\u00e9os, des images, des articles, etc.). Le contenu int\u00e9gr\u00e9 provenant d&#039;autres sites web se comporte exactement de la m\u00eame mani\u00e8re que si le&nbsp;<a href=\"https:\/\/www.google.com\/\" target=\"_blank\" rel=\"noopener\">visiteur<\/a>&nbsp;a visit\u00e9 l&#039;autre site Web.<\/p>\n<p><!-- \/wp:paragraph --><\/p>\n<p><!-- wp:paragraph --><\/p>\n<p>Ces sites Web peuvent collecter des donn\u00e9es vous concernant, utiliser des cookies, int\u00e9grer un suivi tiers suppl\u00e9mentaire et surveiller votre interaction avec ce contenu int\u00e9gr\u00e9, y compris le suivi de votre interaction avec le contenu int\u00e9gr\u00e9 si vous avez un compte et \u00eates connect\u00e9 \u00e0 ce site Web.<\/p>\n<p><!-- \/wp:paragraph --><\/p>\n<p><!-- wp:heading --><\/p>\n<h2>Avec qui partageons-nous vos donn\u00e9es<\/h2>\n<p><!-- \/wp:heading --><\/p>\n<p><!-- wp:paragraph --><\/p>\n<p>Si vous demandez une r\u00e9initialisation de mot de passe, votre adresse IP sera incluse dans l&#039;e-mail de r\u00e9initialisation.<\/p>\n<p><!-- \/wp:paragraph --><\/p>\n<p><!-- wp:heading --><\/p>\n<h2>Combien de temps conservons-nous vos donn\u00e9es<\/h2>\n<p><!-- \/wp:heading --><\/p>\n<p><!-- wp:paragraph --><\/p>\n<p>Si vous laissez un commentaire, celui-ci et ses m\u00e9tadonn\u00e9es sont conserv\u00e9s ind\u00e9finiment. Cela nous permet de reconna\u00eetre et d&#039;approuver automatiquement les commentaires suivants, au lieu de les laisser dans la file de mod\u00e9ration.<\/p>\n<p><!-- \/wp:paragraph --><\/p>\n<p><!-- wp:paragraph --><\/p>\n<p>Pour les utilisateurs qui s&#039;inscrivent sur notre site web (le cas \u00e9ch\u00e9ant), nous stockons \u00e9galement les informations personnelles qu&#039;ils fournissent dans leur profil. Tous les utilisateurs peuvent consulter, modifier ou supprimer leurs informations personnelles \u00e0 tout moment (\u00e0 l&#039;exception de leur nom d&#039;utilisateur). Les administrateurs du site web peuvent \u00e9galement consulter et modifier ces informations.<\/p>\n<p><!-- \/wp:paragraph --><\/p>\n<p><!-- wp:heading --><\/p>\n<h2>Quels droits avez-vous sur vos donn\u00e9es<\/h2>\n<p><!-- \/wp:heading --><\/p>\n<p><!-- wp:paragraph --><\/p>\n<p>Si vous avez un compte sur ce site ou si vous avez laiss\u00e9 des commentaires, vous pouvez demander \u00e0 recevoir un fichier contenant toutes les donn\u00e9es personnelles que nous d\u00e9tenons \u00e0 votre sujet, y compris celles que vous nous avez fournies. Vous pouvez \u00e9galement demander la suppression de toutes les donn\u00e9es personnelles vous concernant. Cela ne prend pas en compte les donn\u00e9es que nous sommes tenus de conserver \u00e0 des fins administratives, l\u00e9gales ou de s\u00e9curit\u00e9.<\/p>\n<p><!-- \/wp:paragraph --><\/p>\n<p><!-- wp:heading --><\/p>\n<h2>O\u00f9 vos donn\u00e9es sont envoy\u00e9es<\/h2>\n<p><!-- \/wp:heading --><\/p>\n<p><!-- wp:paragraph --><\/p>\n<p>Les commentaires des visiteurs peuvent \u00eatre v\u00e9rifi\u00e9s via un service automatis\u00e9 de d\u00e9tection de spam.<\/p>\n<p><!-- \/wp:paragraph --><\/p>\t\t\t\t\t\t\t\t<\/div>\n\t\t\t\t<\/div>\n\t\t\t\t\t<\/div>\n\t\t<\/div>\n\t\t\t\t\t<\/div>\n\t\t<\/section>\n\t\t\t\t<\/div>","protected":false},"excerpt":{"rendered":"<p>Who we are Our website address is: https:\/\/duracordix.com. Comments When visitors leave comments on the site we collect the data shown in the comments form, and also the visitor\u2019s IP address and browser user agent string to help spam detection. An anonymized string created from your email address (also called a hash) may be provided [&hellip;]<\/p>\n","protected":false},"author":1,"featured_media":0,"parent":0,"menu_order":0,"comment_status":"closed","ping_status":"closed","template":"","meta":{"footnotes":""},"class_list":["post-26656","page","type-page","status-publish","hentry"],"yoast_head":"<!-- This site is optimized with the Yoast SEO plugin v27.4 - https:\/\/yoast.com\/product\/yoast-seo-wordpress\/ -->\n<title>Privacy Policy - Duracordix - Your Trusted Supplier for High-Performance Synthetic Rope &amp; Netting<\/title>\n<meta name=\"description\" content=\"Privacy Policy - Looking for quality synthetic fiber ropes that can withstand heavy use? Look no further than Duracordix! Our synthetic ropes\" \/>\n<meta name=\"robots\" content=\"index, follow, max-snippet:-1, max-image-preview:large, max-video-preview:-1\" \/>\n<link rel=\"canonical\" href=\"https:\/\/duracordix.com\/fr\/politique-de-confidentialite\/\" \/>\n<meta property=\"og:locale\" content=\"fr_FR\" \/>\n<meta property=\"og:type\" content=\"article\" \/>\n<meta property=\"og:title\" content=\"Privacy Policy\" \/>\n<meta property=\"og:description\" content=\"Privacy Policy - Looking for quality synthetic fiber ropes that can withstand heavy use? Look no further than Duracordix! Our synthetic ropes\" \/>\n<meta property=\"og:url\" content=\"https:\/\/duracordix.com\/fr\/politique-de-confidentialite\/\" \/>\n<meta property=\"og:site_name\" content=\"Duracordix - Your Trusted Supplier for High-Performance Synthetic Rope &amp; Netting\" \/>\n<meta property=\"article:publisher\" content=\"https:\/\/www.facebook.com\/duracordixsyntheticrope\/\" \/>\n<meta property=\"article:modified_time\" content=\"2025-07-14T12:17:27+00:00\" \/>\n<meta property=\"og:image\" content=\"https:\/\/duracordix.com\/wp-content\/uploads\/2023\/11\/cropped-Duracordix2-\u526f\u672c.png\" \/>\n\t<meta property=\"og:image:width\" content=\"512\" \/>\n\t<meta property=\"og:image:height\" content=\"512\" \/>\n\t<meta property=\"og:image:type\" content=\"image\/png\" \/>\n<meta name=\"twitter:card\" content=\"summary_large_image\" \/>\n<meta name=\"twitter:title\" content=\"Privacy Policy\" \/>\n<meta name=\"twitter:description\" content=\"Privacy Policy - Looking for quality synthetic fiber ropes that can withstand heavy use? Look no further than Duracordix! Our synthetic ropes\" \/>\n<meta name=\"twitter:image\" content=\"https:\/\/duracordix.com\/wp-content\/uploads\/2023\/11\/cropped-Duracordix2-\u526f\u672c.png\" \/>\n<meta name=\"twitter:site\" content=\"@moses0817\" \/>\n<meta name=\"twitter:label1\" content=\"Dur\u00e9e de lecture estim\u00e9e\" \/>\n\t<meta name=\"twitter:data1\" content=\"3 minutes\" \/>\n<script type=\"application\/ld+json\" class=\"yoast-schema-graph\">{\"@context\":\"https:\\\/\\\/schema.org\",\"@graph\":[{\"@type\":\"WebPage\",\"@id\":\"https:\\\/\\\/duracordix.com\\\/privacy-policy\\\/\",\"url\":\"https:\\\/\\\/duracordix.com\\\/privacy-policy\\\/\",\"name\":\"Privacy Policy - Duracordix - Your Trusted Supplier for High-Performance Synthetic Rope &amp; Netting\",\"isPartOf\":{\"@id\":\"https:\\\/\\\/duracordix.com\\\/#website\"},\"datePublished\":\"2023-11-01T06:16:59+00:00\",\"dateModified\":\"2025-07-14T12:17:27+00:00\",\"description\":\"Privacy Policy - Looking for quality synthetic fiber ropes that can withstand heavy use? Look no further than Duracordix! Our synthetic ropes\",\"breadcrumb\":{\"@id\":\"https:\\\/\\\/duracordix.com\\\/privacy-policy\\\/#breadcrumb\"},\"inLanguage\":\"fr-FR\",\"potentialAction\":[{\"@type\":\"ReadAction\",\"target\":[\"https:\\\/\\\/duracordix.com\\\/privacy-policy\\\/\"]}]},{\"@type\":\"BreadcrumbList\",\"@id\":\"https:\\\/\\\/duracordix.com\\\/privacy-policy\\\/#breadcrumb\",\"itemListElement\":[{\"@type\":\"ListItem\",\"position\":1,\"name\":\"Homepage\",\"item\":\"https:\\\/\\\/duracordix.com\\\/\"},{\"@type\":\"ListItem\",\"position\":2,\"name\":\"Privacy Policy\"}]},{\"@type\":\"WebSite\",\"@id\":\"https:\\\/\\\/duracordix.com\\\/#website\",\"url\":\"https:\\\/\\\/duracordix.com\\\/\",\"name\":\"Duracordix - Your Trusted Supplier for High-Performance Synthetic Ropes\",\"description\":\"Your Synthetic Rope &amp; Netting Solution Provider For Vehicle Towing, Mooring, Fishing, Construction and More!\",\"publisher\":{\"@id\":\"https:\\\/\\\/duracordix.com\\\/#organization\"},\"potentialAction\":[{\"@type\":\"SearchAction\",\"target\":{\"@type\":\"EntryPoint\",\"urlTemplate\":\"https:\\\/\\\/duracordix.com\\\/?s={search_term_string}\"},\"query-input\":{\"@type\":\"PropertyValueSpecification\",\"valueRequired\":true,\"valueName\":\"search_term_string\"}}],\"inLanguage\":\"fr-FR\"},{\"@type\":\"Organization\",\"@id\":\"https:\\\/\\\/duracordix.com\\\/#organization\",\"name\":\"Duracordix - Your Trusted Supplier for High-Performance Synthetic Ropes\",\"url\":\"https:\\\/\\\/duracordix.com\\\/\",\"logo\":{\"@type\":\"ImageObject\",\"inLanguage\":\"fr-FR\",\"@id\":\"https:\\\/\\\/duracordix.com\\\/#\\\/schema\\\/logo\\\/image\\\/\",\"url\":\"https:\\\/\\\/duracordix.com\\\/wp-content\\\/uploads\\\/2023\\\/12\\\/Duracordix-Logo-New.png\",\"contentUrl\":\"https:\\\/\\\/duracordix.com\\\/wp-content\\\/uploads\\\/2023\\\/12\\\/Duracordix-Logo-New.png\",\"width\":1008,\"height\":486,\"caption\":\"Duracordix - Your Trusted Supplier for High-Performance Synthetic Ropes\"},\"image\":{\"@id\":\"https:\\\/\\\/duracordix.com\\\/#\\\/schema\\\/logo\\\/image\\\/\"},\"sameAs\":[\"https:\\\/\\\/www.facebook.com\\\/duracordixsyntheticrope\\\/\",\"https:\\\/\\\/x.com\\\/moses0817\",\"https:\\\/\\\/www.linkedin.com\\\/company\\\/duracordix-synthetic-rope\\\/\",\"https:\\\/\\\/www.youtube.com\\\/@duracordixsyntheticrope\",\"https:\\\/\\\/www.instagram.com\\\/duracordix_synthetic_rope7\\\/\"]}]}<\/script>\n<!-- \/ Yoast SEO plugin. -->","yoast_head_json":{"title":"Politique de confidentialit\u00e9 - Duracordix - Votre fournisseur de confiance de cordes et filets synth\u00e9tiques haute performance","description":"Politique de confidentialit\u00e9 - Vous recherchez des cordes en fibres synth\u00e9tiques de qualit\u00e9, r\u00e9sistantes \u00e0 une utilisation intensive\u00a0? Ne cherchez plus, Duracordix est fait pour vous\u00a0! Nos cordes synth\u00e9tiques","robots":{"index":"index","follow":"follow","max-snippet":"max-snippet:-1","max-image-preview":"max-image-preview:large","max-video-preview":"max-video-preview:-1"},"canonical":"https:\/\/duracordix.com\/fr\/politique-de-confidentialite\/","og_locale":"fr_FR","og_type":"article","og_title":"Privacy Policy","og_description":"Privacy Policy - Looking for quality synthetic fiber ropes that can withstand heavy use? Look no further than Duracordix! Our synthetic ropes","og_url":"https:\/\/duracordix.com\/fr\/politique-de-confidentialite\/","og_site_name":"Duracordix - Your Trusted Supplier for High-Performance Synthetic Rope &amp; Netting","article_publisher":"https:\/\/www.facebook.com\/duracordixsyntheticrope\/","article_modified_time":"2025-07-14T12:17:27+00:00","og_image":[{"width":512,"height":512,"url":"https:\/\/duracordix.com\/wp-content\/uploads\/2023\/11\/cropped-Duracordix2-\u526f\u672c.png","type":"image\/png"}],"twitter_card":"summary_large_image","twitter_title":"Privacy Policy","twitter_description":"Privacy Policy - Looking for quality synthetic fiber ropes that can withstand heavy use? Look no further than Duracordix! Our synthetic ropes","twitter_image":"https:\/\/duracordix.com\/wp-content\/uploads\/2023\/11\/cropped-Duracordix2-\u526f\u672c.png","twitter_site":"@moses0817","twitter_misc":{"Dur\u00e9e de lecture estim\u00e9e":"3 minutes"},"schema":{"@context":"https:\/\/schema.org","@graph":[{"@type":"WebPage","@id":"https:\/\/duracordix.com\/privacy-policy\/","url":"https:\/\/duracordix.com\/privacy-policy\/","name":"Politique de confidentialit\u00e9 - Duracordix - Votre fournisseur de confiance de cordes et filets synth\u00e9tiques haute performance","isPartOf":{"@id":"https:\/\/duracordix.com\/#website"},"datePublished":"2023-11-01T06:16:59+00:00","dateModified":"2025-07-14T12:17:27+00:00","description":"Politique de confidentialit\u00e9 - Vous recherchez des cordes en fibres synth\u00e9tiques de qualit\u00e9, r\u00e9sistantes \u00e0 une utilisation intensive\u00a0? Ne cherchez plus, Duracordix est fait pour vous\u00a0! Nos cordes synth\u00e9tiques","breadcrumb":{"@id":"https:\/\/duracordix.com\/privacy-policy\/#breadcrumb"},"inLanguage":"fr-FR","potentialAction":[{"@type":"ReadAction","target":["https:\/\/duracordix.com\/privacy-policy\/"]}]},{"@type":"BreadcrumbList","@id":"https:\/\/duracordix.com\/privacy-policy\/#breadcrumb","itemListElement":[{"@type":"ListItem","position":1,"name":"Homepage","item":"https:\/\/duracordix.com\/"},{"@type":"ListItem","position":2,"name":"Privacy Policy"}]},{"@type":"WebSite","@id":"https:\/\/duracordix.com\/#website","url":"https:\/\/duracordix.com\/","name":"Duracordix - Votre fournisseur de confiance pour les cordes synth\u00e9tiques haute performance","description":"Votre fournisseur de solutions de cordes et de filets synth\u00e9tiques pour le remorquage de v\u00e9hicules, l&#039;amarrage, la p\u00eache, la construction et bien plus encore !","publisher":{"@id":"https:\/\/duracordix.com\/#organization"},"potentialAction":[{"@type":"SearchAction","target":{"@type":"EntryPoint","urlTemplate":"https:\/\/duracordix.com\/?s={search_term_string}"},"query-input":{"@type":"PropertyValueSpecification","valueRequired":true,"valueName":"search_term_string"}}],"inLanguage":"fr-FR"},{"@type":"Organization","@id":"https:\/\/duracordix.com\/#organization","name":"Duracordix - Votre fournisseur de confiance pour les cordes synth\u00e9tiques haute performance","url":"https:\/\/duracordix.com\/","logo":{"@type":"ImageObject","inLanguage":"fr-FR","@id":"https:\/\/duracordix.com\/#\/schema\/logo\/image\/","url":"https:\/\/duracordix.com\/wp-content\/uploads\/2023\/12\/Duracordix-Logo-New.png","contentUrl":"https:\/\/duracordix.com\/wp-content\/uploads\/2023\/12\/Duracordix-Logo-New.png","width":1008,"height":486,"caption":"Duracordix - Your Trusted Supplier for High-Performance Synthetic Ropes"},"image":{"@id":"https:\/\/duracordix.com\/#\/schema\/logo\/image\/"},"sameAs":["https:\/\/www.facebook.com\/duracordixsyntheticrope\/","https:\/\/x.com\/moses0817","https:\/\/www.linkedin.com\/company\/duracordix-synthetic-rope\/","https:\/\/www.youtube.com\/@duracordixsyntheticrope","https:\/\/www.instagram.com\/duracordix_synthetic_rope7\/"]}]}},"_links":{"self":[{"href":"https:\/\/duracordix.com\/fr\/wp-json\/wp\/v2\/pages\/26656","targetHints":{"allow":["GET"]}}],"collection":[{"href":"https:\/\/duracordix.com\/fr\/wp-json\/wp\/v2\/pages"}],"about":[{"href":"https:\/\/duracordix.com\/fr\/wp-json\/wp\/v2\/types\/page"}],"author":[{"embeddable":true,"href":"https:\/\/duracordix.com\/fr\/wp-json\/wp\/v2\/users\/1"}],"replies":[{"embeddable":true,"href":"https:\/\/duracordix.com\/fr\/wp-json\/wp\/v2\/comments?post=26656"}],"version-history":[{"count":0,"href":"https:\/\/duracordix.com\/fr\/wp-json\/wp\/v2\/pages\/26656\/revisions"}],"wp:attachment":[{"href":"https:\/\/duracordix.com\/fr\/wp-json\/wp\/v2\/media?parent=26656"}],"curies":[{"name":"wp","href":"https:\/\/api.w.org\/{rel}","templated":true}]}}