{"id":3001,"date":"2023-03-29T14:13:07","date_gmt":"2023-03-29T06:13:07","guid":{"rendered":"https:\/\/duracordix.com\/?page_id=3001"},"modified":"2025-07-15T18:06:51","modified_gmt":"2025-07-15T10:06:51","slug":"merci","status":"publish","type":"page","link":"https:\/\/duracordix.com\/fr\/thank-you\/","title":{"rendered":"Merci"},"content":{"rendered":"<div data-elementor-type=\"wp-page\" data-elementor-id=\"3001\" class=\"elementor elementor-3001\" data-elementor-post-type=\"page\">\n\t\t\t\t\t\t<section class=\"elementor-section elementor-top-section elementor-element elementor-element-3f010cf custom-ele-section-css elementor-section-boxed elementor-section-height-default elementor-section-height-default\" data-id=\"3f010cf\" data-element_type=\"section\" data-e-type=\"section\">\n\t\t\t\t\t\t<div class=\"elementor-container elementor-column-gap-default\">\n\t\t\t\t\t<div class=\"elementor-column elementor-col-100 elementor-top-column elementor-element elementor-element-2fdc6ca\" data-id=\"2fdc6ca\" data-element_type=\"column\" data-e-type=\"column\">\n\t\t\t<div class=\"elementor-widget-wrap elementor-element-populated\">\n\t\t\t\t\t\t<div class=\"elementor-element elementor-element-4004d87 elementor-widget elementor-widget-image\" data-id=\"4004d87\" data-element_type=\"widget\" data-e-type=\"widget\" data-widget_type=\"image.default\">\n\t\t\t\t<div class=\"elementor-widget-container\">\n\t\t\t\t\t\t\t\t\t\t\t\t\t\t\t<img fetchpriority=\"high\" decoding=\"async\" width=\"800\" height=\"534\" src=\"https:\/\/duracordix.com\/wp-content\/uploads\/2023\/03\/thanks-you-1024x684.jpg\" class=\"attachment-large size-large wp-image-3008\" alt=\"Duracordix - Votre fournisseur de confiance de cordes et filets synth\u00e9tiques haute performance | Merci\" srcset=\"https:\/\/duracordix.com\/wp-content\/uploads\/2023\/03\/thanks-you-1024x684.jpg 1024w, https:\/\/duracordix.com\/wp-content\/uploads\/2023\/03\/thanks-you-300x200.jpg 300w, https:\/\/duracordix.com\/wp-content\/uploads\/2023\/03\/thanks-you-768x513.jpg 768w, https:\/\/duracordix.com\/wp-content\/uploads\/2023\/03\/thanks-you-1536x1026.jpg 1536w, https:\/\/duracordix.com\/wp-content\/uploads\/2023\/03\/thanks-you.jpg 1920w\" sizes=\"(max-width: 800px) 100vw, 800px\" title=\"merci\" \/>\t\t\t\t\t\t\t\t\t\t\t\t\t\t\t<\/div>\n\t\t\t\t<\/div>\n\t\t\t\t<div class=\"elementor-element elementor-element-3f1730d elementor-widget elementor-widget-heading\" data-id=\"3f1730d\" data-element_type=\"widget\" data-e-type=\"widget\" data-widget_type=\"heading.default\">\n\t\t\t\t<div class=\"elementor-widget-container\">\n\t\t\t\t\t<h1 class=\"elementor-heading-title elementor-size-default\">Tellement<\/h1>\t\t\t\t<\/div>\n\t\t\t\t<\/div>\n\t\t\t\t\t<\/div>\n\t\t<\/div>\n\t\t\t\t\t<\/div>\n\t\t<\/section>\n\t\t\t\t<\/div>","protected":false},"excerpt":{"rendered":"<p>Tellement<\/p>","protected":false},"author":1,"featured_media":0,"parent":0,"menu_order":0,"comment_status":"closed","ping_status":"closed","template":"","meta":{"footnotes":""},"class_list":["post-3001","page","type-page","status-publish","hentry"],"yoast_head":"<!-- This site is optimized with the Yoast SEO plugin v27.3 - https:\/\/yoast.com\/product\/yoast-seo-wordpress\/ -->\n<title>Thank You - Duracordix - Your Trusted Supplier for High-Performance Synthetic Rope &amp; Netting<\/title>\n<meta name=\"description\" content=\"Thank You - Looking for quality synthetic fiber ropes that can withstand heavy-duty use? Look no further than Duracordix! Our synthetic ropes\" \/>\n<meta name=\"robots\" content=\"index, follow, max-snippet:-1, max-image-preview:large, max-video-preview:-1\" \/>\n<link rel=\"canonical\" href=\"https:\/\/duracordix.com\/fr\/merci\/\" \/>\n<meta property=\"og:locale\" content=\"fr_FR\" \/>\n<meta property=\"og:type\" content=\"article\" \/>\n<meta property=\"og:title\" content=\"Thank You\" \/>\n<meta property=\"og:description\" content=\"Thank You - Looking for quality synthetic fiber ropes that can withstand heavy-duty use? Look no further than Duracordix! Our synthetic ropes\" \/>\n<meta property=\"og:url\" content=\"https:\/\/duracordix.com\/fr\/merci\/\" \/>\n<meta property=\"og:site_name\" content=\"Duracordix - Your Trusted Supplier for High-Performance Synthetic Rope &amp; Netting\" \/>\n<meta property=\"article:publisher\" content=\"https:\/\/www.facebook.com\/duracordixsyntheticrope\/\" \/>\n<meta property=\"article:modified_time\" content=\"2025-07-15T10:06:51+00:00\" \/>\n<meta property=\"og:image\" content=\"https:\/\/duracordix.com\/wp-content\/uploads\/2023\/11\/cropped-Duracordix2-\u526f\u672c.png\" \/>\n\t<meta property=\"og:image:width\" content=\"512\" \/>\n\t<meta property=\"og:image:height\" content=\"512\" \/>\n\t<meta property=\"og:image:type\" content=\"image\/png\" \/>\n<meta name=\"twitter:card\" content=\"summary_large_image\" \/>\n<meta name=\"twitter:title\" content=\"Thank You\" \/>\n<meta name=\"twitter:description\" content=\"Thank You - Looking for quality synthetic fiber ropes that can withstand heavy-duty use? Look no further than Duracordix! Our synthetic ropes\" \/>\n<meta name=\"twitter:image\" content=\"https:\/\/duracordix.com\/wp-content\/uploads\/2023\/11\/cropped-Duracordix2-\u526f\u672c.png\" \/>\n<meta name=\"twitter:site\" content=\"@moses0817\" \/>\n<meta name=\"twitter:label1\" content=\"Dur\u00e9e de lecture estim\u00e9e\" \/>\n\t<meta name=\"twitter:data1\" content=\"1 minute\" \/>\n<script type=\"application\/ld+json\" class=\"yoast-schema-graph\">{\"@context\":\"https:\\\/\\\/schema.org\",\"@graph\":[{\"@type\":\"WebPage\",\"@id\":\"https:\\\/\\\/duracordix.com\\\/thank-you\\\/\",\"url\":\"https:\\\/\\\/duracordix.com\\\/thank-you\\\/\",\"name\":\"Thank You - Duracordix - Your Trusted Supplier for High-Performance Synthetic Rope &amp; Netting\",\"isPartOf\":{\"@id\":\"https:\\\/\\\/duracordix.com\\\/#website\"},\"primaryImageOfPage\":{\"@id\":\"https:\\\/\\\/duracordix.com\\\/thank-you\\\/#primaryimage\"},\"image\":{\"@id\":\"https:\\\/\\\/duracordix.com\\\/thank-you\\\/#primaryimage\"},\"thumbnailUrl\":\"https:\\\/\\\/duracordix.com\\\/wp-content\\\/uploads\\\/2023\\\/03\\\/thanks-you-1024x684.jpg\",\"datePublished\":\"2023-03-29T06:13:07+00:00\",\"dateModified\":\"2025-07-15T10:06:51+00:00\",\"description\":\"Thank You - Looking for quality synthetic fiber ropes that can withstand heavy-duty use? Look no further than Duracordix! Our synthetic ropes\",\"breadcrumb\":{\"@id\":\"https:\\\/\\\/duracordix.com\\\/thank-you\\\/#breadcrumb\"},\"inLanguage\":\"fr-FR\",\"potentialAction\":[{\"@type\":\"ReadAction\",\"target\":[\"https:\\\/\\\/duracordix.com\\\/thank-you\\\/\"]}]},{\"@type\":\"ImageObject\",\"inLanguage\":\"fr-FR\",\"@id\":\"https:\\\/\\\/duracordix.com\\\/thank-you\\\/#primaryimage\",\"url\":\"https:\\\/\\\/duracordix.com\\\/wp-content\\\/uploads\\\/2023\\\/03\\\/thanks-you-1024x684.jpg\",\"contentUrl\":\"https:\\\/\\\/duracordix.com\\\/wp-content\\\/uploads\\\/2023\\\/03\\\/thanks-you-1024x684.jpg\"},{\"@type\":\"BreadcrumbList\",\"@id\":\"https:\\\/\\\/duracordix.com\\\/thank-you\\\/#breadcrumb\",\"itemListElement\":[{\"@type\":\"ListItem\",\"position\":1,\"name\":\"Homepage\",\"item\":\"https:\\\/\\\/duracordix.com\\\/\"},{\"@type\":\"ListItem\",\"position\":2,\"name\":\"Thank You\"}]},{\"@type\":\"WebSite\",\"@id\":\"https:\\\/\\\/duracordix.com\\\/#website\",\"url\":\"https:\\\/\\\/duracordix.com\\\/\",\"name\":\"Duracordix - Your Trusted Supplier for High-Performance Synthetic Ropes\",\"description\":\"Your Synthetic Rope &amp; Netting Solution Provider For Vehicle Towing, Mooring, Fishing, Construction and More!\",\"publisher\":{\"@id\":\"https:\\\/\\\/duracordix.com\\\/#organization\"},\"potentialAction\":[{\"@type\":\"SearchAction\",\"target\":{\"@type\":\"EntryPoint\",\"urlTemplate\":\"https:\\\/\\\/duracordix.com\\\/?s={search_term_string}\"},\"query-input\":{\"@type\":\"PropertyValueSpecification\",\"valueRequired\":true,\"valueName\":\"search_term_string\"}}],\"inLanguage\":\"fr-FR\"},{\"@type\":\"Organization\",\"@id\":\"https:\\\/\\\/duracordix.com\\\/#organization\",\"name\":\"Duracordix - Your Trusted Supplier for High-Performance Synthetic Ropes\",\"url\":\"https:\\\/\\\/duracordix.com\\\/\",\"logo\":{\"@type\":\"ImageObject\",\"inLanguage\":\"fr-FR\",\"@id\":\"https:\\\/\\\/duracordix.com\\\/#\\\/schema\\\/logo\\\/image\\\/\",\"url\":\"https:\\\/\\\/duracordix.com\\\/wp-content\\\/uploads\\\/2023\\\/12\\\/Duracordix-Logo-New.png\",\"contentUrl\":\"https:\\\/\\\/duracordix.com\\\/wp-content\\\/uploads\\\/2023\\\/12\\\/Duracordix-Logo-New.png\",\"width\":1008,\"height\":486,\"caption\":\"Duracordix - Your Trusted Supplier for High-Performance Synthetic Ropes\"},\"image\":{\"@id\":\"https:\\\/\\\/duracordix.com\\\/#\\\/schema\\\/logo\\\/image\\\/\"},\"sameAs\":[\"https:\\\/\\\/www.facebook.com\\\/duracordixsyntheticrope\\\/\",\"https:\\\/\\\/x.com\\\/moses0817\",\"https:\\\/\\\/www.linkedin.com\\\/company\\\/duracordix-synthetic-rope\\\/\",\"https:\\\/\\\/www.youtube.com\\\/@duracordixsyntheticrope\",\"https:\\\/\\\/www.instagram.com\\\/duracordix_synthetic_rope7\\\/\"]}]}<\/script>\n<!-- \/ Yoast SEO plugin. -->","yoast_head_json":{"title":"Merci - Duracordix - Votre fournisseur de confiance de cordes et filets synth\u00e9tiques haute performance","description":"Merci\u00a0! Vous recherchez des cordes en fibres synth\u00e9tiques de qualit\u00e9, r\u00e9sistantes \u00e0 une utilisation intensive\u00a0? Ne cherchez plus, Duracordix est fait pour vous\u00a0! Nos cordes synth\u00e9tiques","robots":{"index":"index","follow":"follow","max-snippet":"max-snippet:-1","max-image-preview":"max-image-preview:large","max-video-preview":"max-video-preview:-1"},"canonical":"https:\/\/duracordix.com\/fr\/merci\/","og_locale":"fr_FR","og_type":"article","og_title":"Thank You","og_description":"Thank You - Looking for quality synthetic fiber ropes that can withstand heavy-duty use? Look no further than Duracordix! Our synthetic ropes","og_url":"https:\/\/duracordix.com\/fr\/merci\/","og_site_name":"Duracordix - Your Trusted Supplier for High-Performance Synthetic Rope &amp; Netting","article_publisher":"https:\/\/www.facebook.com\/duracordixsyntheticrope\/","article_modified_time":"2025-07-15T10:06:51+00:00","og_image":[{"width":512,"height":512,"url":"https:\/\/duracordix.com\/wp-content\/uploads\/2023\/11\/cropped-Duracordix2-\u526f\u672c.png","type":"image\/png"}],"twitter_card":"summary_large_image","twitter_title":"Thank You","twitter_description":"Thank You - Looking for quality synthetic fiber ropes that can withstand heavy-duty use? Look no further than Duracordix! Our synthetic ropes","twitter_image":"https:\/\/duracordix.com\/wp-content\/uploads\/2023\/11\/cropped-Duracordix2-\u526f\u672c.png","twitter_site":"@moses0817","twitter_misc":{"Dur\u00e9e de lecture estim\u00e9e":"1 minute"},"schema":{"@context":"https:\/\/schema.org","@graph":[{"@type":"WebPage","@id":"https:\/\/duracordix.com\/thank-you\/","url":"https:\/\/duracordix.com\/thank-you\/","name":"Merci - Duracordix - Votre fournisseur de confiance de cordes et filets synth\u00e9tiques haute performance","isPartOf":{"@id":"https:\/\/duracordix.com\/#website"},"primaryImageOfPage":{"@id":"https:\/\/duracordix.com\/thank-you\/#primaryimage"},"image":{"@id":"https:\/\/duracordix.com\/thank-you\/#primaryimage"},"thumbnailUrl":"https:\/\/duracordix.com\/wp-content\/uploads\/2023\/03\/thanks-you-1024x684.jpg","datePublished":"2023-03-29T06:13:07+00:00","dateModified":"2025-07-15T10:06:51+00:00","description":"Merci\u00a0! Vous recherchez des cordes en fibres synth\u00e9tiques de qualit\u00e9, r\u00e9sistantes \u00e0 une utilisation intensive\u00a0? Ne cherchez plus, Duracordix est fait pour vous\u00a0! Nos cordes synth\u00e9tiques","breadcrumb":{"@id":"https:\/\/duracordix.com\/thank-you\/#breadcrumb"},"inLanguage":"fr-FR","potentialAction":[{"@type":"ReadAction","target":["https:\/\/duracordix.com\/thank-you\/"]}]},{"@type":"ImageObject","inLanguage":"fr-FR","@id":"https:\/\/duracordix.com\/thank-you\/#primaryimage","url":"https:\/\/duracordix.com\/wp-content\/uploads\/2023\/03\/thanks-you-1024x684.jpg","contentUrl":"https:\/\/duracordix.com\/wp-content\/uploads\/2023\/03\/thanks-you-1024x684.jpg"},{"@type":"BreadcrumbList","@id":"https:\/\/duracordix.com\/thank-you\/#breadcrumb","itemListElement":[{"@type":"ListItem","position":1,"name":"Homepage","item":"https:\/\/duracordix.com\/"},{"@type":"ListItem","position":2,"name":"Thank You"}]},{"@type":"WebSite","@id":"https:\/\/duracordix.com\/#website","url":"https:\/\/duracordix.com\/","name":"Duracordix - Votre fournisseur de confiance pour les cordes synth\u00e9tiques haute performance","description":"Votre fournisseur de solutions de cordes et de filets synth\u00e9tiques pour le remorquage de v\u00e9hicules, l&#039;amarrage, la p\u00eache, la construction et bien plus encore !","publisher":{"@id":"https:\/\/duracordix.com\/#organization"},"potentialAction":[{"@type":"SearchAction","target":{"@type":"EntryPoint","urlTemplate":"https:\/\/duracordix.com\/?s={search_term_string}"},"query-input":{"@type":"PropertyValueSpecification","valueRequired":true,"valueName":"search_term_string"}}],"inLanguage":"fr-FR"},{"@type":"Organization","@id":"https:\/\/duracordix.com\/#organization","name":"Duracordix - Votre fournisseur de confiance pour les cordes synth\u00e9tiques haute performance","url":"https:\/\/duracordix.com\/","logo":{"@type":"ImageObject","inLanguage":"fr-FR","@id":"https:\/\/duracordix.com\/#\/schema\/logo\/image\/","url":"https:\/\/duracordix.com\/wp-content\/uploads\/2023\/12\/Duracordix-Logo-New.png","contentUrl":"https:\/\/duracordix.com\/wp-content\/uploads\/2023\/12\/Duracordix-Logo-New.png","width":1008,"height":486,"caption":"Duracordix - Your Trusted Supplier for High-Performance Synthetic Ropes"},"image":{"@id":"https:\/\/duracordix.com\/#\/schema\/logo\/image\/"},"sameAs":["https:\/\/www.facebook.com\/duracordixsyntheticrope\/","https:\/\/x.com\/moses0817","https:\/\/www.linkedin.com\/company\/duracordix-synthetic-rope\/","https:\/\/www.youtube.com\/@duracordixsyntheticrope","https:\/\/www.instagram.com\/duracordix_synthetic_rope7\/"]}]}},"_links":{"self":[{"href":"https:\/\/duracordix.com\/fr\/wp-json\/wp\/v2\/pages\/3001","targetHints":{"allow":["GET"]}}],"collection":[{"href":"https:\/\/duracordix.com\/fr\/wp-json\/wp\/v2\/pages"}],"about":[{"href":"https:\/\/duracordix.com\/fr\/wp-json\/wp\/v2\/types\/page"}],"author":[{"embeddable":true,"href":"https:\/\/duracordix.com\/fr\/wp-json\/wp\/v2\/users\/1"}],"replies":[{"embeddable":true,"href":"https:\/\/duracordix.com\/fr\/wp-json\/wp\/v2\/comments?post=3001"}],"version-history":[{"count":0,"href":"https:\/\/duracordix.com\/fr\/wp-json\/wp\/v2\/pages\/3001\/revisions"}],"wp:attachment":[{"href":"https:\/\/duracordix.com\/fr\/wp-json\/wp\/v2\/media?parent=3001"}],"curies":[{"name":"wp","href":"https:\/\/api.w.org\/{rel}","templated":true}]}}