{"id":26656,"date":"2023-11-01T14:16:59","date_gmt":"2023-11-01T06:16:59","guid":{"rendered":"https:\/\/duracordix.com\/?page_id=26656"},"modified":"2025-07-14T20:17:27","modified_gmt":"2025-07-14T12:17:27","slug":"politica-de-privacidade","status":"publish","type":"page","link":"https:\/\/duracordix.com\/pt\/privacy-policy\/","title":{"rendered":"pol\u00edtica de Privacidade"},"content":{"rendered":"<div data-elementor-type=\"wp-page\" data-elementor-id=\"26656\" class=\"elementor elementor-26656\" data-elementor-post-type=\"page\">\n\t\t\t\t\t\t<section class=\"elementor-section elementor-top-section elementor-element elementor-element-39d6069c elementor-section-boxed elementor-section-height-default elementor-section-height-default\" data-id=\"39d6069c\" data-element_type=\"section\" data-e-type=\"section\">\n\t\t\t\t\t\t<div class=\"elementor-container elementor-column-gap-default\">\n\t\t\t\t\t<div class=\"elementor-column elementor-col-100 elementor-top-column elementor-element elementor-element-5f12eddb\" data-id=\"5f12eddb\" data-element_type=\"column\" data-e-type=\"column\">\n\t\t\t<div class=\"elementor-widget-wrap elementor-element-populated\">\n\t\t\t\t\t\t<div class=\"elementor-element elementor-element-3e1dc227 elementor-widget elementor-widget-text-editor\" data-id=\"3e1dc227\" data-element_type=\"widget\" data-e-type=\"widget\" data-widget_type=\"text-editor.default\">\n\t\t\t\t<div class=\"elementor-widget-container\">\n\t\t\t\t\t\t\t\t\t<h2>Quem somos<\/h2>\n<p><!-- \/wp:heading --><\/p>\n<p><!-- wp:paragraph --><\/p>\n<p>O endere\u00e7o do nosso site \u00e9: https:\/\/duracordix.com.<\/p>\n<p><!-- \/wp:paragraph --><\/p>\n<p><!-- wp:heading --><\/p>\n<h2>Coment\u00e1rios<\/h2>\n<p><!-- \/wp:heading --><\/p>\n<p><!-- wp:paragraph --><\/p>\n<p>Quando os visitantes deixam coment\u00e1rios no site, coletamos os dados mostrados no formul\u00e1rio de coment\u00e1rios, al\u00e9m do endere\u00e7o IP do visitante e da sequ\u00eancia de caracteres do agente do usu\u00e1rio do navegador para ajudar na detec\u00e7\u00e3o de spam.<\/p>\n<p><!-- \/wp:paragraph --><\/p>\n<p><!-- wp:paragraph --><\/p>\n<p>Uma sequ\u00eancia de caracteres anonimizada criada a partir do seu endere\u00e7o de e-mail (tamb\u00e9m chamada de hash) pode ser fornecida ao servi\u00e7o Gravatar para verificar se voc\u00ea o est\u00e1 utilizando. A pol\u00edtica de privacidade do servi\u00e7o Gravatar est\u00e1 dispon\u00edvel aqui:&nbsp;<a href=\"https:\/\/duracordix.com\/pt\/politica-de-privacidade\/\" target=\"_blank\">https:\/\/duracordix.com\/privacy-policy\/<\/a>. Ap\u00f3s a aprova\u00e7\u00e3o do seu coment\u00e1rio, sua foto de perfil fica vis\u00edvel ao p\u00fablico no contexto do seu coment\u00e1rio.<\/p>\n<p><!-- \/wp:paragraph --><\/p>\n<p><!-- wp:heading --><\/p>\n<h2>M\u00eddia<\/h2>\n<p><!-- \/wp:heading --><\/p>\n<p><!-- wp:paragraph --><\/p>\n<p>Se voc\u00ea enviar imagens para o site, evite enviar imagens com dados de localiza\u00e7\u00e3o incorporados (EXIF GPS). Os visitantes do site podem baixar e extrair quaisquer dados de localiza\u00e7\u00e3o das imagens no site.<\/p>\n<p><!-- \/wp:paragraph --><\/p>\n<p><!-- wp:heading --><\/p>\n<h2>Biscoitos<\/h2>\n<p><!-- \/wp:heading --><\/p>\n<p><!-- wp:paragraph --><\/p>\n<p>Ao deixar um coment\u00e1rio em nosso site, voc\u00ea pode optar por salvar seu nome, endere\u00e7o de e-mail e site em cookies. Isso \u00e9 para sua conveni\u00eancia, para que voc\u00ea n\u00e3o precise preencher seus dados novamente quando deixar outro coment\u00e1rio. Esses cookies duram um ano.<\/p>\n<p><!-- \/wp:paragraph --><\/p>\n<p><!-- wp:paragraph --><\/p>\n<p>Ao visitar nossa p\u00e1gina de login, criaremos um cookie tempor\u00e1rio para determinar se o seu navegador aceita cookies. Este cookie n\u00e3o cont\u00e9m dados pessoais e \u00e9 descartado quando voc\u00ea fecha o navegador.<\/p>\n<p><!-- \/wp:paragraph --><\/p>\n<p><!-- wp:paragraph --><\/p>\n<p>Ao efetuar login, tamb\u00e9m configuraremos v\u00e1rios cookies para salvar suas informa\u00e7\u00f5es de login e suas op\u00e7\u00f5es de exibi\u00e7\u00e3o de tela. Os cookies de login duram dois dias e os cookies de op\u00e7\u00f5es de tela duram um ano. Se voc\u00ea selecionar &quot;Lembrar de mim&quot;, seu login permanecer\u00e1 por duas semanas. Se voc\u00ea sair da sua conta, os cookies de login ser\u00e3o removidos.<\/p>\n<p><!-- \/wp:paragraph --><\/p>\n<p><!-- wp:paragraph --><\/p>\n<p>Se voc\u00ea editar ou publicar um artigo, um cookie adicional ser\u00e1 salvo no seu navegador. Este cookie n\u00e3o inclui dados pessoais e apenas indica o ID da publica\u00e7\u00e3o do artigo que voc\u00ea acabou de editar. Ele expira ap\u00f3s 1 dia.<\/p>\n<p><!-- \/wp:paragraph --><\/p>\n<p><!-- wp:heading --><\/p>\n<h2>Conte\u00fado incorporado de outros sites<\/h2>\n<p><!-- \/wp:heading --><\/p>\n<p><!-- wp:paragraph --><\/p>\n<p>Os artigos neste site podem incluir conte\u00fado incorporado (por exemplo, v\u00eddeos, imagens, artigos, etc.). O conte\u00fado incorporado de outros sites se comporta exatamente da mesma maneira como se o&nbsp;<a href=\"https:\/\/www.google.com\/\" target=\"_blank\" rel=\"noopener\">Visitante<\/a>&nbsp;visitou o outro site.<\/p>\n<p><!-- \/wp:paragraph --><\/p>\n<p><!-- wp:paragraph --><\/p>\n<p>Esses sites podem coletar dados sobre voc\u00ea, usar cookies, incorporar rastreamento adicional de terceiros e monitorar sua intera\u00e7\u00e3o com esse conte\u00fado incorporado, incluindo o rastreamento de sua intera\u00e7\u00e3o com o conte\u00fado incorporado se voc\u00ea tiver uma conta e estiver conectado a esse site.<\/p>\n<p><!-- \/wp:paragraph --><\/p>\n<p><!-- wp:heading --><\/p>\n<h2>Com quem compartilhamos seus dados<\/h2>\n<p><!-- \/wp:heading --><\/p>\n<p><!-- wp:paragraph --><\/p>\n<p>Se voc\u00ea solicitar uma redefini\u00e7\u00e3o de senha, seu endere\u00e7o IP ser\u00e1 inclu\u00eddo no e-mail de redefini\u00e7\u00e3o.<\/p>\n<p><!-- \/wp:paragraph --><\/p>\n<p><!-- wp:heading --><\/p>\n<h2>Por quanto tempo retemos seus dados<\/h2>\n<p><!-- \/wp:heading --><\/p>\n<p><!-- wp:paragraph --><\/p>\n<p>Se voc\u00ea deixar um coment\u00e1rio, o coment\u00e1rio e seus metadados ser\u00e3o retidos indefinidamente. Isso permite que possamos reconhecer e aprovar automaticamente quaisquer coment\u00e1rios subsequentes, em vez de mant\u00ea-los em uma fila de modera\u00e7\u00e3o.<\/p>\n<p><!-- \/wp:paragraph --><\/p>\n<p><!-- wp:paragraph --><\/p>\n<p>Para usu\u00e1rios que se cadastram em nosso site (se houver), tamb\u00e9m armazenamos as informa\u00e7\u00f5es pessoais fornecidas em seus perfis de usu\u00e1rio. Todos os usu\u00e1rios podem ver, editar ou excluir suas informa\u00e7\u00f5es pessoais a qualquer momento (exceto que n\u00e3o podem alterar seu nome de usu\u00e1rio). Os administradores do site tamb\u00e9m podem ver e editar essas informa\u00e7\u00f5es.<\/p>\n<p><!-- \/wp:paragraph --><\/p>\n<p><!-- wp:heading --><\/p>\n<h2>Quais s\u00e3o os seus direitos sobre os seus dados<\/h2>\n<p><!-- \/wp:heading --><\/p>\n<p><!-- wp:paragraph --><\/p>\n<p>Se voc\u00ea possui uma conta neste site ou deixou coment\u00e1rios, pode solicitar o recebimento de um arquivo exportado dos dados pessoais que mantemos sobre voc\u00ea, incluindo quaisquer dados que voc\u00ea nos tenha fornecido. Voc\u00ea tamb\u00e9m pode solicitar a exclus\u00e3o de quaisquer dados pessoais que mantemos sobre voc\u00ea. Isso n\u00e3o inclui quaisquer dados que sejamos obrigados a manter para fins administrativos, legais ou de seguran\u00e7a.<\/p>\n<p><!-- \/wp:paragraph --><\/p>\n<p><!-- wp:heading --><\/p>\n<h2>Para onde seus dados s\u00e3o enviados<\/h2>\n<p><!-- \/wp:heading --><\/p>\n<p><!-- wp:paragraph --><\/p>\n<p>Os coment\u00e1rios dos visitantes podem ser verificados por meio de um servi\u00e7o automatizado de detec\u00e7\u00e3o de spam.<\/p>\n<p><!-- \/wp:paragraph --><\/p>\t\t\t\t\t\t\t\t<\/div>\n\t\t\t\t<\/div>\n\t\t\t\t\t<\/div>\n\t\t<\/div>\n\t\t\t\t\t<\/div>\n\t\t<\/section>\n\t\t\t\t<\/div>","protected":false},"excerpt":{"rendered":"<p>Who we are Our website address is: https:\/\/duracordix.com. Comments When visitors leave comments on the site we collect the data shown in the comments form, and also the visitor\u2019s IP address and browser user agent string to help spam detection. An anonymized string created from your email address (also called a hash) may be provided [&hellip;]<\/p>\n","protected":false},"author":1,"featured_media":0,"parent":0,"menu_order":0,"comment_status":"closed","ping_status":"closed","template":"","meta":{"footnotes":""},"class_list":["post-26656","page","type-page","status-publish","hentry"],"yoast_head":"<!-- This site is optimized with the Yoast SEO plugin v27.4 - https:\/\/yoast.com\/product\/yoast-seo-wordpress\/ -->\n<title>Privacy Policy - Duracordix - Your Trusted Supplier for High-Performance Synthetic Rope &amp; Netting<\/title>\n<meta name=\"description\" content=\"Privacy Policy - Looking for quality synthetic fiber ropes that can withstand heavy use? Look no further than Duracordix! Our synthetic ropes\" \/>\n<meta name=\"robots\" content=\"index, follow, max-snippet:-1, max-image-preview:large, max-video-preview:-1\" \/>\n<link rel=\"canonical\" href=\"https:\/\/duracordix.com\/pt\/politica-de-privacidade\/\" \/>\n<meta property=\"og:locale\" content=\"pt_PT\" \/>\n<meta property=\"og:type\" content=\"article\" \/>\n<meta property=\"og:title\" content=\"Privacy Policy\" \/>\n<meta property=\"og:description\" content=\"Privacy Policy - Looking for quality synthetic fiber ropes that can withstand heavy use? Look no further than Duracordix! Our synthetic ropes\" \/>\n<meta property=\"og:url\" content=\"https:\/\/duracordix.com\/pt\/politica-de-privacidade\/\" \/>\n<meta property=\"og:site_name\" content=\"Duracordix - Your Trusted Supplier for High-Performance Synthetic Rope &amp; Netting\" \/>\n<meta property=\"article:publisher\" content=\"https:\/\/www.facebook.com\/duracordixsyntheticrope\/\" \/>\n<meta property=\"article:modified_time\" content=\"2025-07-14T12:17:27+00:00\" \/>\n<meta property=\"og:image\" content=\"https:\/\/duracordix.com\/wp-content\/uploads\/2023\/11\/cropped-Duracordix2-\u526f\u672c.png\" \/>\n\t<meta property=\"og:image:width\" content=\"512\" \/>\n\t<meta property=\"og:image:height\" content=\"512\" \/>\n\t<meta property=\"og:image:type\" content=\"image\/png\" \/>\n<meta name=\"twitter:card\" content=\"summary_large_image\" \/>\n<meta name=\"twitter:title\" content=\"Privacy Policy\" \/>\n<meta name=\"twitter:description\" content=\"Privacy Policy - Looking for quality synthetic fiber ropes that can withstand heavy use? Look no further than Duracordix! Our synthetic ropes\" \/>\n<meta name=\"twitter:image\" content=\"https:\/\/duracordix.com\/wp-content\/uploads\/2023\/11\/cropped-Duracordix2-\u526f\u672c.png\" \/>\n<meta name=\"twitter:site\" content=\"@moses0817\" \/>\n<meta name=\"twitter:label1\" content=\"Tempo estimado de leitura\" \/>\n\t<meta name=\"twitter:data1\" content=\"3 minutos\" \/>\n<script type=\"application\/ld+json\" class=\"yoast-schema-graph\">{\"@context\":\"https:\\\/\\\/schema.org\",\"@graph\":[{\"@type\":\"WebPage\",\"@id\":\"https:\\\/\\\/duracordix.com\\\/privacy-policy\\\/\",\"url\":\"https:\\\/\\\/duracordix.com\\\/privacy-policy\\\/\",\"name\":\"Privacy Policy - Duracordix - Your Trusted Supplier for High-Performance Synthetic Rope &amp; Netting\",\"isPartOf\":{\"@id\":\"https:\\\/\\\/duracordix.com\\\/#website\"},\"datePublished\":\"2023-11-01T06:16:59+00:00\",\"dateModified\":\"2025-07-14T12:17:27+00:00\",\"description\":\"Privacy Policy - Looking for quality synthetic fiber ropes that can withstand heavy use? Look no further than Duracordix! Our synthetic ropes\",\"breadcrumb\":{\"@id\":\"https:\\\/\\\/duracordix.com\\\/privacy-policy\\\/#breadcrumb\"},\"inLanguage\":\"pt-PT\",\"potentialAction\":[{\"@type\":\"ReadAction\",\"target\":[\"https:\\\/\\\/duracordix.com\\\/privacy-policy\\\/\"]}]},{\"@type\":\"BreadcrumbList\",\"@id\":\"https:\\\/\\\/duracordix.com\\\/privacy-policy\\\/#breadcrumb\",\"itemListElement\":[{\"@type\":\"ListItem\",\"position\":1,\"name\":\"Homepage\",\"item\":\"https:\\\/\\\/duracordix.com\\\/\"},{\"@type\":\"ListItem\",\"position\":2,\"name\":\"Privacy Policy\"}]},{\"@type\":\"WebSite\",\"@id\":\"https:\\\/\\\/duracordix.com\\\/#website\",\"url\":\"https:\\\/\\\/duracordix.com\\\/\",\"name\":\"Duracordix - Your Trusted Supplier for High-Performance Synthetic Ropes\",\"description\":\"Your Synthetic Rope &amp; Netting Solution Provider For Vehicle Towing, Mooring, Fishing, Construction and More!\",\"publisher\":{\"@id\":\"https:\\\/\\\/duracordix.com\\\/#organization\"},\"potentialAction\":[{\"@type\":\"SearchAction\",\"target\":{\"@type\":\"EntryPoint\",\"urlTemplate\":\"https:\\\/\\\/duracordix.com\\\/?s={search_term_string}\"},\"query-input\":{\"@type\":\"PropertyValueSpecification\",\"valueRequired\":true,\"valueName\":\"search_term_string\"}}],\"inLanguage\":\"pt-PT\"},{\"@type\":\"Organization\",\"@id\":\"https:\\\/\\\/duracordix.com\\\/#organization\",\"name\":\"Duracordix - Your Trusted Supplier for High-Performance Synthetic Ropes\",\"url\":\"https:\\\/\\\/duracordix.com\\\/\",\"logo\":{\"@type\":\"ImageObject\",\"inLanguage\":\"pt-PT\",\"@id\":\"https:\\\/\\\/duracordix.com\\\/#\\\/schema\\\/logo\\\/image\\\/\",\"url\":\"https:\\\/\\\/duracordix.com\\\/wp-content\\\/uploads\\\/2023\\\/12\\\/Duracordix-Logo-New.png\",\"contentUrl\":\"https:\\\/\\\/duracordix.com\\\/wp-content\\\/uploads\\\/2023\\\/12\\\/Duracordix-Logo-New.png\",\"width\":1008,\"height\":486,\"caption\":\"Duracordix - Your Trusted Supplier for High-Performance Synthetic Ropes\"},\"image\":{\"@id\":\"https:\\\/\\\/duracordix.com\\\/#\\\/schema\\\/logo\\\/image\\\/\"},\"sameAs\":[\"https:\\\/\\\/www.facebook.com\\\/duracordixsyntheticrope\\\/\",\"https:\\\/\\\/x.com\\\/moses0817\",\"https:\\\/\\\/www.linkedin.com\\\/company\\\/duracordix-synthetic-rope\\\/\",\"https:\\\/\\\/www.youtube.com\\\/@duracordixsyntheticrope\",\"https:\\\/\\\/www.instagram.com\\\/duracordix_synthetic_rope7\\\/\"]}]}<\/script>\n<!-- \/ Yoast SEO plugin. -->","yoast_head_json":{"title":"Pol\u00edtica de Privacidade - Duracordix - Seu Fornecedor de Confian\u00e7a para Cordas e Redes Sint\u00e9ticas de Alto Desempenho","description":"Pol\u00edtica de Privacidade - Procurando cordas de fibra sint\u00e9tica de qualidade que resistam ao uso intenso? N\u00e3o procure mais: Duracordix! Nossas cordas sint\u00e9ticas","robots":{"index":"index","follow":"follow","max-snippet":"max-snippet:-1","max-image-preview":"max-image-preview:large","max-video-preview":"max-video-preview:-1"},"canonical":"https:\/\/duracordix.com\/pt\/politica-de-privacidade\/","og_locale":"pt_PT","og_type":"article","og_title":"Privacy Policy","og_description":"Privacy Policy - Looking for quality synthetic fiber ropes that can withstand heavy use? Look no further than Duracordix! Our synthetic ropes","og_url":"https:\/\/duracordix.com\/pt\/politica-de-privacidade\/","og_site_name":"Duracordix - Your Trusted Supplier for High-Performance Synthetic Rope &amp; Netting","article_publisher":"https:\/\/www.facebook.com\/duracordixsyntheticrope\/","article_modified_time":"2025-07-14T12:17:27+00:00","og_image":[{"width":512,"height":512,"url":"https:\/\/duracordix.com\/wp-content\/uploads\/2023\/11\/cropped-Duracordix2-\u526f\u672c.png","type":"image\/png"}],"twitter_card":"summary_large_image","twitter_title":"Privacy Policy","twitter_description":"Privacy Policy - Looking for quality synthetic fiber ropes that can withstand heavy use? Look no further than Duracordix! Our synthetic ropes","twitter_image":"https:\/\/duracordix.com\/wp-content\/uploads\/2023\/11\/cropped-Duracordix2-\u526f\u672c.png","twitter_site":"@moses0817","twitter_misc":{"Tempo estimado de leitura":"3 minutos"},"schema":{"@context":"https:\/\/schema.org","@graph":[{"@type":"WebPage","@id":"https:\/\/duracordix.com\/privacy-policy\/","url":"https:\/\/duracordix.com\/privacy-policy\/","name":"Pol\u00edtica de Privacidade - Duracordix - Seu Fornecedor de Confian\u00e7a para Cordas e Redes Sint\u00e9ticas de Alto Desempenho","isPartOf":{"@id":"https:\/\/duracordix.com\/#website"},"datePublished":"2023-11-01T06:16:59+00:00","dateModified":"2025-07-14T12:17:27+00:00","description":"Pol\u00edtica de Privacidade - Procurando cordas de fibra sint\u00e9tica de qualidade que resistam ao uso intenso? N\u00e3o procure mais: Duracordix! Nossas cordas sint\u00e9ticas","breadcrumb":{"@id":"https:\/\/duracordix.com\/privacy-policy\/#breadcrumb"},"inLanguage":"pt-PT","potentialAction":[{"@type":"ReadAction","target":["https:\/\/duracordix.com\/privacy-policy\/"]}]},{"@type":"BreadcrumbList","@id":"https:\/\/duracordix.com\/privacy-policy\/#breadcrumb","itemListElement":[{"@type":"ListItem","position":1,"name":"Homepage","item":"https:\/\/duracordix.com\/"},{"@type":"ListItem","position":2,"name":"Privacy Policy"}]},{"@type":"WebSite","@id":"https:\/\/duracordix.com\/#website","url":"https:\/\/duracordix.com\/","name":"Duracordix - Seu fornecedor confi\u00e1vel de cordas sint\u00e9ticas de alto desempenho","description":"Seu fornecedor de solu\u00e7\u00f5es em cordas e redes sint\u00e9ticas para reboque de ve\u00edculos, amarra\u00e7\u00e3o, pesca, constru\u00e7\u00e3o e muito mais!","publisher":{"@id":"https:\/\/duracordix.com\/#organization"},"potentialAction":[{"@type":"SearchAction","target":{"@type":"EntryPoint","urlTemplate":"https:\/\/duracordix.com\/?s={search_term_string}"},"query-input":{"@type":"PropertyValueSpecification","valueRequired":true,"valueName":"search_term_string"}}],"inLanguage":"pt-PT"},{"@type":"Organization","@id":"https:\/\/duracordix.com\/#organization","name":"Duracordix - Seu fornecedor confi\u00e1vel de cordas sint\u00e9ticas de alto desempenho","url":"https:\/\/duracordix.com\/","logo":{"@type":"ImageObject","inLanguage":"pt-PT","@id":"https:\/\/duracordix.com\/#\/schema\/logo\/image\/","url":"https:\/\/duracordix.com\/wp-content\/uploads\/2023\/12\/Duracordix-Logo-New.png","contentUrl":"https:\/\/duracordix.com\/wp-content\/uploads\/2023\/12\/Duracordix-Logo-New.png","width":1008,"height":486,"caption":"Duracordix - Your Trusted Supplier for High-Performance Synthetic Ropes"},"image":{"@id":"https:\/\/duracordix.com\/#\/schema\/logo\/image\/"},"sameAs":["https:\/\/www.facebook.com\/duracordixsyntheticrope\/","https:\/\/x.com\/moses0817","https:\/\/www.linkedin.com\/company\/duracordix-synthetic-rope\/","https:\/\/www.youtube.com\/@duracordixsyntheticrope","https:\/\/www.instagram.com\/duracordix_synthetic_rope7\/"]}]}},"_links":{"self":[{"href":"https:\/\/duracordix.com\/pt\/wp-json\/wp\/v2\/pages\/26656","targetHints":{"allow":["GET"]}}],"collection":[{"href":"https:\/\/duracordix.com\/pt\/wp-json\/wp\/v2\/pages"}],"about":[{"href":"https:\/\/duracordix.com\/pt\/wp-json\/wp\/v2\/types\/page"}],"author":[{"embeddable":true,"href":"https:\/\/duracordix.com\/pt\/wp-json\/wp\/v2\/users\/1"}],"replies":[{"embeddable":true,"href":"https:\/\/duracordix.com\/pt\/wp-json\/wp\/v2\/comments?post=26656"}],"version-history":[{"count":0,"href":"https:\/\/duracordix.com\/pt\/wp-json\/wp\/v2\/pages\/26656\/revisions"}],"wp:attachment":[{"href":"https:\/\/duracordix.com\/pt\/wp-json\/wp\/v2\/media?parent=26656"}],"curies":[{"name":"wp","href":"https:\/\/api.w.org\/{rel}","templated":true}]}}