{"id":26656,"date":"2023-11-01T14:16:59","date_gmt":"2023-11-01T06:16:59","guid":{"rendered":"https:\/\/duracordix.com\/?page_id=26656"},"modified":"2025-07-14T20:17:27","modified_gmt":"2025-07-14T12:17:27","slug":"chinh-sach-bao-mat","status":"publish","type":"page","link":"https:\/\/duracordix.com\/vi\/privacy-policy\/","title":{"rendered":"Ch\u00ednh s\u00e1ch b\u1ea3o m\u1eadt"},"content":{"rendered":"<div data-elementor-type=\"wp-page\" data-elementor-id=\"26656\" class=\"elementor elementor-26656\" data-elementor-post-type=\"page\">\n\t\t\t\t\t\t<section class=\"elementor-section elementor-top-section elementor-element elementor-element-39d6069c elementor-section-boxed elementor-section-height-default elementor-section-height-default\" data-id=\"39d6069c\" data-element_type=\"section\" data-e-type=\"section\">\n\t\t\t\t\t\t<div class=\"elementor-container elementor-column-gap-default\">\n\t\t\t\t\t<div class=\"elementor-column elementor-col-100 elementor-top-column elementor-element elementor-element-5f12eddb\" data-id=\"5f12eddb\" data-element_type=\"column\" data-e-type=\"column\">\n\t\t\t<div class=\"elementor-widget-wrap elementor-element-populated\">\n\t\t\t\t\t\t<div class=\"elementor-element elementor-element-3e1dc227 elementor-widget elementor-widget-text-editor\" data-id=\"3e1dc227\" data-element_type=\"widget\" data-e-type=\"widget\" data-widget_type=\"text-editor.default\">\n\t\t\t\t<div class=\"elementor-widget-container\">\n\t\t\t\t\t\t\t\t\t<h2>Ch\u00fang t\u00f4i l\u00e0 ai<\/h2>\n<p><!-- \/wp:heading --><\/p>\n<p><!-- wp:paragraph --><\/p>\n<p>\u0110\u1ecba ch\u1ec9 trang web c\u1ee7a ch\u00fang t\u00f4i l\u00e0: https:\/\/duracordix.com.<\/p>\n<p><!-- \/wp:paragraph --><\/p>\n<p><!-- wp:heading --><\/p>\n<h2>B\u00ecnh lu\u1eadn<\/h2>\n<p><!-- \/wp:heading --><\/p>\n<p><!-- wp:paragraph --><\/p>\n<p>Khi kh\u00e1ch truy c\u1eadp \u0111\u1ec3 l\u1ea1i b\u00ecnh lu\u1eadn tr\u00ean trang web, ch\u00fang t\u00f4i thu th\u1eadp d\u1eef li\u1ec7u \u0111\u01b0\u1ee3c hi\u1ec3n th\u1ecb trong bi\u1ec3u m\u1eabu b\u00ecnh lu\u1eadn, c\u0169ng nh\u01b0 \u0111\u1ecba ch\u1ec9 IP c\u1ee7a kh\u00e1ch truy c\u1eadp v\u00e0 chu\u1ed7i t\u00e1c nh\u00e2n ng\u01b0\u1eddi d\u00f9ng c\u1ee7a tr\u00ecnh duy\u1ec7t \u0111\u1ec3 gi\u00fap ph\u00e1t hi\u1ec7n th\u01b0 r\u00e1c.<\/p>\n<p><!-- \/wp:paragraph --><\/p>\n<p><!-- wp:paragraph --><\/p>\n<p>M\u1ed9t chu\u1ed7i \u1ea9n danh \u0111\u01b0\u1ee3c t\u1ea1o t\u1eeb \u0111\u1ecba ch\u1ec9 email c\u1ee7a b\u1ea1n (c\u00f2n g\u1ecdi l\u00e0 m\u00e3 b\u0103m) c\u00f3 th\u1ec3 \u0111\u01b0\u1ee3c cung c\u1ea5p cho d\u1ecbch v\u1ee5 Gravatar \u0111\u1ec3 xem b\u1ea1n c\u00f3 \u0111ang s\u1eed d\u1ee5ng d\u1ecbch v\u1ee5 \u0111\u00f3 hay kh\u00f4ng. Ch\u00ednh s\u00e1ch b\u1ea3o m\u1eadt c\u1ee7a d\u1ecbch v\u1ee5 Gravatar c\u00f3 t\u1ea1i \u0111\u00e2y:&nbsp;<a href=\"https:\/\/duracordix.com\/vi\/chinh-sach-bao-mat\/\" target=\"_blank\">https:\/\/duracordix.com\/privacy-policy\/<\/a>. Sau khi b\u00ecnh lu\u1eadn c\u1ee7a b\u1ea1n \u0111\u01b0\u1ee3c ch\u1ea5p thu\u1eadn, \u1ea3nh \u0111\u1ea1i di\u1ec7n c\u1ee7a b\u1ea1n s\u1ebd hi\u1ec3n th\u1ecb c\u00f4ng khai trong b\u1ed1i c\u1ea3nh b\u00ecnh lu\u1eadn c\u1ee7a b\u1ea1n.<\/p>\n<p><!-- \/wp:paragraph --><\/p>\n<p><!-- wp:heading --><\/p>\n<h2>Ph\u01b0\u01a1ng ti\u1ec7n truy\u1ec1n th\u00f4ng<\/h2>\n<p><!-- \/wp:heading --><\/p>\n<p><!-- wp:paragraph --><\/p>\n<p>N\u1ebfu b\u1ea1n t\u1ea3i h\u00ecnh \u1ea3nh l\u00ean trang web, b\u1ea1n n\u00ean tr\u00e1nh t\u1ea3i h\u00ecnh \u1ea3nh c\u00f3 d\u1eef li\u1ec7u v\u1ecb tr\u00ed nh\u00fang (EXIF GPS) \u0111i k\u00e8m. Kh\u00e1ch truy c\u1eadp trang web c\u00f3 th\u1ec3 t\u1ea3i xu\u1ed1ng v\u00e0 tr\u00edch xu\u1ea5t b\u1ea5t k\u1ef3 d\u1eef li\u1ec7u v\u1ecb tr\u00ed n\u00e0o t\u1eeb h\u00ecnh \u1ea3nh tr\u00ean trang web.<\/p>\n<p><!-- \/wp:paragraph --><\/p>\n<p><!-- wp:heading --><\/p>\n<h2>B\u00e1nh quy<\/h2>\n<p><!-- \/wp:heading --><\/p>\n<p><!-- wp:paragraph --><\/p>\n<p>N\u1ebfu b\u1ea1n \u0111\u1ec3 l\u1ea1i b\u00ecnh lu\u1eadn tr\u00ean trang web c\u1ee7a ch\u00fang t\u00f4i, b\u1ea1n c\u00f3 th\u1ec3 ch\u1ecdn l\u01b0u t\u00ean, \u0111\u1ecba ch\u1ec9 email v\u00e0 trang web c\u1ee7a m\u00ecnh trong cookie. Nh\u1eefng \u0111i\u1ec1u n\u00e0y nh\u1eb1m m\u1ee5c \u0111\u00edch thu\u1eadn ti\u1ec7n cho b\u1ea1n \u0111\u1ec3 b\u1ea1n kh\u00f4ng ph\u1ea3i \u0111i\u1ec1n l\u1ea1i th\u00f4ng tin chi ti\u1ebft khi b\u1ea1n \u0111\u1ec3 l\u1ea1i b\u00ecnh lu\u1eadn kh\u00e1c. Nh\u1eefng cookie n\u00e0y s\u1ebd t\u1ed3n t\u1ea1i trong m\u1ed9t n\u0103m.<\/p>\n<p><!-- \/wp:paragraph --><\/p>\n<p><!-- wp:paragraph --><\/p>\n<p>N\u1ebfu b\u1ea1n truy c\u1eadp trang \u0111\u0103ng nh\u1eadp c\u1ee7a ch\u00fang t\u00f4i, ch\u00fang t\u00f4i s\u1ebd thi\u1ebft l\u1eadp m\u1ed9t cookie t\u1ea1m th\u1eddi \u0111\u1ec3 x\u00e1c \u0111\u1ecbnh xem tr\u00ecnh duy\u1ec7t c\u1ee7a b\u1ea1n c\u00f3 ch\u1ea5p nh\u1eadn cookie hay kh\u00f4ng. Cookie n\u00e0y kh\u00f4ng ch\u1ee9a d\u1eef li\u1ec7u c\u00e1 nh\u00e2n v\u00e0 s\u1ebd b\u1ecb x\u00f3a khi b\u1ea1n \u0111\u00f3ng tr\u00ecnh duy\u1ec7t.<\/p>\n<p><!-- \/wp:paragraph --><\/p>\n<p><!-- wp:paragraph --><\/p>\n<p>Khi b\u1ea1n \u0111\u0103ng nh\u1eadp, ch\u00fang t\u00f4i c\u0169ng s\u1ebd thi\u1ebft l\u1eadp m\u1ed9t s\u1ed1 cookie \u0111\u1ec3 l\u01b0u th\u00f4ng tin \u0111\u0103ng nh\u1eadp v\u00e0 l\u1ef1a ch\u1ecdn hi\u1ec3n th\u1ecb m\u00e0n h\u00ecnh c\u1ee7a b\u1ea1n. Cookie \u0111\u0103ng nh\u1eadp k\u00e9o d\u00e0i trong hai ng\u00e0y v\u00e0 cookie t\u00f9y ch\u1ecdn m\u00e0n h\u00ecnh k\u00e9o d\u00e0i trong m\u1ed9t n\u0103m. N\u1ebfu b\u1ea1n ch\u1ecdn &quot;Ghi nh\u1edb t\u00f4i&quot;, th\u00f4ng tin \u0111\u0103ng nh\u1eadp c\u1ee7a b\u1ea1n s\u1ebd t\u1ed3n t\u1ea1i trong hai tu\u1ea7n. N\u1ebfu b\u1ea1n \u0111\u0103ng xu\u1ea5t kh\u1ecfi t\u00e0i kho\u1ea3n c\u1ee7a m\u00ecnh, cookie \u0111\u0103ng nh\u1eadp s\u1ebd b\u1ecb x\u00f3a.<\/p>\n<p><!-- \/wp:paragraph --><\/p>\n<p><!-- wp:paragraph --><\/p>\n<p>N\u1ebfu b\u1ea1n ch\u1ec9nh s\u1eeda ho\u1eb7c xu\u1ea5t b\u1ea3n m\u1ed9t b\u00e0i vi\u1ebft, m\u1ed9t cookie b\u1ed5 sung s\u1ebd \u0111\u01b0\u1ee3c l\u01b0u trong tr\u00ecnh duy\u1ec7t c\u1ee7a b\u1ea1n. Cookie n\u00e0y kh\u00f4ng bao g\u1ed3m d\u1eef li\u1ec7u c\u00e1 nh\u00e2n v\u00e0 ch\u1ec9 \u0111\u01a1n gi\u1ea3n ch\u1ec9 ra ID b\u00e0i \u0111\u0103ng c\u1ee7a b\u00e0i vi\u1ebft b\u1ea1n v\u1eeba ch\u1ec9nh s\u1eeda. N\u00f3 h\u1ebft h\u1ea1n sau 1 ng\u00e0y.<\/p>\n<p><!-- \/wp:paragraph --><\/p>\n<p><!-- wp:heading --><\/p>\n<h2>N\u1ed9i dung nh\u00fang t\u1eeb c\u00e1c trang web kh\u00e1c<\/h2>\n<p><!-- \/wp:heading --><\/p>\n<p><!-- wp:paragraph --><\/p>\n<p>C\u00e1c b\u00e0i vi\u1ebft tr\u00ean trang web n\u00e0y c\u00f3 th\u1ec3 bao g\u1ed3m n\u1ed9i dung nh\u00fang (v\u00ed d\u1ee5: video, h\u00ecnh \u1ea3nh, b\u00e0i vi\u1ebft, v.v.). N\u1ed9i dung nh\u00fang t\u1eeb c\u00e1c trang web kh\u00e1c ho\u1ea1t \u0111\u1ed9ng theo c\u00f9ng m\u1ed9t c\u00e1ch ch\u00ednh x\u00e1c nh\u01b0 th\u1ec3&nbsp;<a href=\"https:\/\/www.google.com\/\" target=\"_blank\" rel=\"noopener\">kh\u00e1ch tham quan<\/a>&nbsp;\u0111\u00e3 truy c\u1eadp trang web kh\u00e1c.<\/p>\n<p><!-- \/wp:paragraph --><\/p>\n<p><!-- wp:paragraph --><\/p>\n<p>C\u00e1c trang web n\u00e0y c\u00f3 th\u1ec3 thu th\u1eadp d\u1eef li\u1ec7u v\u1ec1 b\u1ea1n, s\u1eed d\u1ee5ng cookie, nh\u00fang th\u00eam ph\u1ea7n m\u1ec1m theo d\u00f5i c\u1ee7a b\u00ean th\u1ee9 ba v\u00e0 theo d\u00f5i t\u01b0\u01a1ng t\u00e1c c\u1ee7a b\u1ea1n v\u1edbi n\u1ed9i dung \u0111\u01b0\u1ee3c nh\u00fang \u0111\u00f3, bao g\u1ed3m theo d\u00f5i t\u01b0\u01a1ng t\u00e1c c\u1ee7a b\u1ea1n v\u1edbi n\u1ed9i dung \u0111\u01b0\u1ee3c nh\u00fang n\u1ebfu b\u1ea1n c\u00f3 t\u00e0i kho\u1ea3n v\u00e0 \u0111\u00e3 \u0111\u0103ng nh\u1eadp v\u00e0o trang web \u0111\u00f3.<\/p>\n<p><!-- \/wp:paragraph --><\/p>\n<p><!-- wp:heading --><\/p>\n<h2>Ch\u00fang t\u00f4i chia s\u1ebb d\u1eef li\u1ec7u c\u1ee7a b\u1ea1n v\u1edbi ai<\/h2>\n<p><!-- \/wp:heading --><\/p>\n<p><!-- wp:paragraph --><\/p>\n<p>N\u1ebfu b\u1ea1n y\u00eau c\u1ea7u \u0111\u1eb7t l\u1ea1i m\u1eadt kh\u1ea9u, \u0111\u1ecba ch\u1ec9 IP c\u1ee7a b\u1ea1n s\u1ebd \u0111\u01b0\u1ee3c bao g\u1ed3m trong email \u0111\u1eb7t l\u1ea1i m\u1eadt kh\u1ea9u.<\/p>\n<p><!-- \/wp:paragraph --><\/p>\n<p><!-- wp:heading --><\/p>\n<h2>Ch\u00fang t\u00f4i l\u01b0u gi\u1eef d\u1eef li\u1ec7u c\u1ee7a b\u1ea1n trong bao l\u00e2u<\/h2>\n<p><!-- \/wp:heading --><\/p>\n<p><!-- wp:paragraph --><\/p>\n<p>N\u1ebfu b\u1ea1n \u0111\u1ec3 l\u1ea1i b\u00ecnh lu\u1eadn, b\u00ecnh lu\u1eadn v\u00e0 si\u00eau d\u1eef li\u1ec7u c\u1ee7a b\u00ecnh lu\u1eadn s\u1ebd \u0111\u01b0\u1ee3c gi\u1eef l\u1ea1i v\u00f4 th\u1eddi h\u1ea1n. \u0110i\u1ec1u n\u00e0y l\u00e0 \u0111\u1ec3 ch\u00fang t\u00f4i c\u00f3 th\u1ec3 t\u1ef1 \u0111\u1ed9ng nh\u1eadn ra v\u00e0 ch\u1ea5p thu\u1eadn b\u1ea5t k\u1ef3 b\u00ecnh lu\u1eadn ti\u1ebfp theo n\u00e0o thay v\u00ec gi\u1eef ch\u00fang trong h\u00e0ng \u0111\u1ee3i ki\u1ec3m duy\u1ec7t.<\/p>\n<p><!-- \/wp:paragraph --><\/p>\n<p><!-- wp:paragraph --><\/p>\n<p>\u0110\u1ed1i v\u1edbi ng\u01b0\u1eddi d\u00f9ng \u0111\u0103ng k\u00fd tr\u00ean trang web c\u1ee7a ch\u00fang t\u00f4i (n\u1ebfu c\u00f3), ch\u00fang t\u00f4i c\u0169ng l\u01b0u tr\u1eef th\u00f4ng tin c\u00e1 nh\u00e2n m\u00e0 h\u1ecd cung c\u1ea5p trong h\u1ed3 s\u01a1 ng\u01b0\u1eddi d\u00f9ng c\u1ee7a h\u1ecd. T\u1ea5t c\u1ea3 ng\u01b0\u1eddi d\u00f9ng c\u00f3 th\u1ec3 xem, ch\u1ec9nh s\u1eeda ho\u1eb7c x\u00f3a th\u00f4ng tin c\u00e1 nh\u00e2n c\u1ee7a h\u1ecd b\u1ea5t k\u1ef3 l\u00fac n\u00e0o (tr\u1eeb khi h\u1ecd kh\u00f4ng th\u1ec3 thay \u0111\u1ed5i t\u00ean ng\u01b0\u1eddi d\u00f9ng). Qu\u1ea3n tr\u1ecb vi\u00ean trang web c\u0169ng c\u00f3 th\u1ec3 xem v\u00e0 ch\u1ec9nh s\u1eeda th\u00f4ng tin \u0111\u00f3.<\/p>\n<p><!-- \/wp:paragraph --><\/p>\n<p><!-- wp:heading --><\/p>\n<h2>B\u1ea1n c\u00f3 nh\u1eefng quy\u1ec1n g\u00ec \u0111\u1ed1i v\u1edbi d\u1eef li\u1ec7u c\u1ee7a m\u00ecnh<\/h2>\n<p><!-- \/wp:heading --><\/p>\n<p><!-- wp:paragraph --><\/p>\n<p>N\u1ebfu b\u1ea1n c\u00f3 t\u00e0i kho\u1ea3n tr\u00ean trang web n\u00e0y ho\u1eb7c \u0111\u00e3 \u0111\u1ec3 l\u1ea1i b\u00ecnh lu\u1eadn, b\u1ea1n c\u00f3 th\u1ec3 y\u00eau c\u1ea7u nh\u1eadn t\u1ec7p d\u1eef li\u1ec7u c\u00e1 nh\u00e2n \u0111\u00e3 xu\u1ea5t m\u00e0 ch\u00fang t\u00f4i l\u01b0u gi\u1eef v\u1ec1 b\u1ea1n, bao g\u1ed3m m\u1ecdi d\u1eef li\u1ec7u b\u1ea1n \u0111\u00e3 cung c\u1ea5p cho ch\u00fang t\u00f4i. B\u1ea1n c\u0169ng c\u00f3 th\u1ec3 y\u00eau c\u1ea7u ch\u00fang t\u00f4i x\u00f3a m\u1ecdi d\u1eef li\u1ec7u c\u00e1 nh\u00e2n m\u00e0 ch\u00fang t\u00f4i l\u01b0u gi\u1eef v\u1ec1 b\u1ea1n. \u0110i\u1ec1u n\u00e0y kh\u00f4ng bao g\u1ed3m b\u1ea5t k\u1ef3 d\u1eef li\u1ec7u n\u00e0o m\u00e0 ch\u00fang t\u00f4i c\u00f3 ngh\u0129a v\u1ee5 ph\u1ea3i gi\u1eef cho m\u1ee5c \u0111\u00edch h\u00e0nh ch\u00ednh, ph\u00e1p l\u00fd ho\u1eb7c b\u1ea3o m\u1eadt.<\/p>\n<p><!-- \/wp:paragraph --><\/p>\n<p><!-- wp:heading --><\/p>\n<h2>N\u01a1i d\u1eef li\u1ec7u c\u1ee7a b\u1ea1n \u0111\u01b0\u1ee3c g\u1eedi \u0111\u1ebfn<\/h2>\n<p><!-- \/wp:heading --><\/p>\n<p><!-- wp:paragraph --><\/p>\n<p>B\u00ecnh lu\u1eadn c\u1ee7a kh\u00e1ch truy c\u1eadp c\u00f3 th\u1ec3 \u0111\u01b0\u1ee3c ki\u1ec3m tra th\u00f4ng qua d\u1ecbch v\u1ee5 ph\u00e1t hi\u1ec7n th\u01b0 r\u00e1c t\u1ef1 \u0111\u1ed9ng.<\/p>\n<p><!-- \/wp:paragraph --><\/p>\t\t\t\t\t\t\t\t<\/div>\n\t\t\t\t<\/div>\n\t\t\t\t\t<\/div>\n\t\t<\/div>\n\t\t\t\t\t<\/div>\n\t\t<\/section>\n\t\t\t\t<\/div>","protected":false},"excerpt":{"rendered":"<p>Who we are Our website address is: https:\/\/duracordix.com. Comments When visitors leave comments on the site we collect the data shown in the comments form, and also the visitor\u2019s IP address and browser user agent string to help spam detection. An anonymized string created from your email address (also called a hash) may be provided [&hellip;]<\/p>\n","protected":false},"author":1,"featured_media":0,"parent":0,"menu_order":0,"comment_status":"closed","ping_status":"closed","template":"","meta":{"footnotes":""},"class_list":["post-26656","page","type-page","status-publish","hentry"],"yoast_head":"<!-- This site is optimized with the Yoast SEO plugin v27.4 - https:\/\/yoast.com\/product\/yoast-seo-wordpress\/ -->\n<title>Privacy Policy - Duracordix - Your Trusted Supplier for High-Performance Synthetic Rope &amp; Netting<\/title>\n<meta name=\"description\" content=\"Privacy Policy - Looking for quality synthetic fiber ropes that can withstand heavy use? Look no further than Duracordix! Our synthetic ropes\" \/>\n<meta name=\"robots\" content=\"index, follow, max-snippet:-1, max-image-preview:large, max-video-preview:-1\" \/>\n<link rel=\"canonical\" href=\"https:\/\/duracordix.com\/vi\/chinh-sach-bao-mat\/\" \/>\n<meta property=\"og:locale\" content=\"vi_VN\" \/>\n<meta property=\"og:type\" content=\"article\" \/>\n<meta property=\"og:title\" content=\"Privacy Policy\" \/>\n<meta property=\"og:description\" content=\"Privacy Policy - Looking for quality synthetic fiber ropes that can withstand heavy use? Look no further than Duracordix! Our synthetic ropes\" \/>\n<meta property=\"og:url\" content=\"https:\/\/duracordix.com\/vi\/chinh-sach-bao-mat\/\" \/>\n<meta property=\"og:site_name\" content=\"Duracordix - Your Trusted Supplier for High-Performance Synthetic Rope &amp; Netting\" \/>\n<meta property=\"article:publisher\" content=\"https:\/\/www.facebook.com\/duracordixsyntheticrope\/\" \/>\n<meta property=\"article:modified_time\" content=\"2025-07-14T12:17:27+00:00\" \/>\n<meta property=\"og:image\" content=\"https:\/\/duracordix.com\/wp-content\/uploads\/2023\/11\/cropped-Duracordix2-\u526f\u672c.png\" \/>\n\t<meta property=\"og:image:width\" content=\"512\" \/>\n\t<meta property=\"og:image:height\" content=\"512\" \/>\n\t<meta property=\"og:image:type\" content=\"image\/png\" \/>\n<meta name=\"twitter:card\" content=\"summary_large_image\" \/>\n<meta name=\"twitter:title\" content=\"Privacy Policy\" \/>\n<meta name=\"twitter:description\" content=\"Privacy Policy - Looking for quality synthetic fiber ropes that can withstand heavy use? Look no further than Duracordix! Our synthetic ropes\" \/>\n<meta name=\"twitter:image\" content=\"https:\/\/duracordix.com\/wp-content\/uploads\/2023\/11\/cropped-Duracordix2-\u526f\u672c.png\" \/>\n<meta name=\"twitter:site\" content=\"@moses0817\" \/>\n<meta name=\"twitter:label1\" content=\"\u01af\u1edbc t\u00ednh th\u1eddi gian \u0111\u1ecdc\" \/>\n\t<meta name=\"twitter:data1\" content=\"3 ph\u00fat\" \/>\n<script type=\"application\/ld+json\" class=\"yoast-schema-graph\">{\"@context\":\"https:\\\/\\\/schema.org\",\"@graph\":[{\"@type\":\"WebPage\",\"@id\":\"https:\\\/\\\/duracordix.com\\\/privacy-policy\\\/\",\"url\":\"https:\\\/\\\/duracordix.com\\\/privacy-policy\\\/\",\"name\":\"Privacy Policy - Duracordix - Your Trusted Supplier for High-Performance Synthetic Rope &amp; Netting\",\"isPartOf\":{\"@id\":\"https:\\\/\\\/duracordix.com\\\/#website\"},\"datePublished\":\"2023-11-01T06:16:59+00:00\",\"dateModified\":\"2025-07-14T12:17:27+00:00\",\"description\":\"Privacy Policy - Looking for quality synthetic fiber ropes that can withstand heavy use? Look no further than Duracordix! Our synthetic ropes\",\"breadcrumb\":{\"@id\":\"https:\\\/\\\/duracordix.com\\\/privacy-policy\\\/#breadcrumb\"},\"inLanguage\":\"vi\",\"potentialAction\":[{\"@type\":\"ReadAction\",\"target\":[\"https:\\\/\\\/duracordix.com\\\/privacy-policy\\\/\"]}]},{\"@type\":\"BreadcrumbList\",\"@id\":\"https:\\\/\\\/duracordix.com\\\/privacy-policy\\\/#breadcrumb\",\"itemListElement\":[{\"@type\":\"ListItem\",\"position\":1,\"name\":\"Homepage\",\"item\":\"https:\\\/\\\/duracordix.com\\\/\"},{\"@type\":\"ListItem\",\"position\":2,\"name\":\"Privacy Policy\"}]},{\"@type\":\"WebSite\",\"@id\":\"https:\\\/\\\/duracordix.com\\\/#website\",\"url\":\"https:\\\/\\\/duracordix.com\\\/\",\"name\":\"Duracordix - Your Trusted Supplier for High-Performance Synthetic Ropes\",\"description\":\"Your Synthetic Rope &amp; Netting Solution Provider For Vehicle Towing, Mooring, Fishing, Construction and More!\",\"publisher\":{\"@id\":\"https:\\\/\\\/duracordix.com\\\/#organization\"},\"potentialAction\":[{\"@type\":\"SearchAction\",\"target\":{\"@type\":\"EntryPoint\",\"urlTemplate\":\"https:\\\/\\\/duracordix.com\\\/?s={search_term_string}\"},\"query-input\":{\"@type\":\"PropertyValueSpecification\",\"valueRequired\":true,\"valueName\":\"search_term_string\"}}],\"inLanguage\":\"vi\"},{\"@type\":\"Organization\",\"@id\":\"https:\\\/\\\/duracordix.com\\\/#organization\",\"name\":\"Duracordix - Your Trusted Supplier for High-Performance Synthetic Ropes\",\"url\":\"https:\\\/\\\/duracordix.com\\\/\",\"logo\":{\"@type\":\"ImageObject\",\"inLanguage\":\"vi\",\"@id\":\"https:\\\/\\\/duracordix.com\\\/#\\\/schema\\\/logo\\\/image\\\/\",\"url\":\"https:\\\/\\\/duracordix.com\\\/wp-content\\\/uploads\\\/2023\\\/12\\\/Duracordix-Logo-New.png\",\"contentUrl\":\"https:\\\/\\\/duracordix.com\\\/wp-content\\\/uploads\\\/2023\\\/12\\\/Duracordix-Logo-New.png\",\"width\":1008,\"height\":486,\"caption\":\"Duracordix - Your Trusted Supplier for High-Performance Synthetic Ropes\"},\"image\":{\"@id\":\"https:\\\/\\\/duracordix.com\\\/#\\\/schema\\\/logo\\\/image\\\/\"},\"sameAs\":[\"https:\\\/\\\/www.facebook.com\\\/duracordixsyntheticrope\\\/\",\"https:\\\/\\\/x.com\\\/moses0817\",\"https:\\\/\\\/www.linkedin.com\\\/company\\\/duracordix-synthetic-rope\\\/\",\"https:\\\/\\\/www.youtube.com\\\/@duracordixsyntheticrope\",\"https:\\\/\\\/www.instagram.com\\\/duracordix_synthetic_rope7\\\/\"]}]}<\/script>\n<!-- \/ Yoast SEO plugin. -->","yoast_head_json":{"title":"Ch\u00ednh s\u00e1ch b\u1ea3o m\u1eadt - Duracordix - Nh\u00e0 cung c\u1ea5p \u0111\u00e1ng tin c\u1eady c\u1ee7a b\u1ea1n v\u1ec1 d\u00e2y th\u1eebng v\u00e0 l\u01b0\u1edbi t\u1ed5ng h\u1ee3p hi\u1ec7u su\u1ea5t cao","description":"Ch\u00ednh s\u00e1ch B\u1ea3o m\u1eadt - B\u1ea1n \u0111ang t\u00ecm ki\u1ebfm d\u00e2y th\u1eebng s\u1ee3i t\u1ed5ng h\u1ee3p ch\u1ea5t l\u01b0\u1ee3ng cao, c\u00f3 th\u1ec3 ch\u1ecbu \u0111\u01b0\u1ee3c c\u01b0\u1eddng \u0111\u1ed9 s\u1eed d\u1ee5ng l\u1edbn? H\u00e3y \u0111\u1ebfn v\u1edbi Duracordix! D\u00e2y th\u1eebng t\u1ed5ng h\u1ee3p c\u1ee7a ch\u00fang t\u00f4i","robots":{"index":"index","follow":"follow","max-snippet":"max-snippet:-1","max-image-preview":"max-image-preview:large","max-video-preview":"max-video-preview:-1"},"canonical":"https:\/\/duracordix.com\/vi\/chinh-sach-bao-mat\/","og_locale":"vi_VN","og_type":"article","og_title":"Privacy Policy","og_description":"Privacy Policy - Looking for quality synthetic fiber ropes that can withstand heavy use? Look no further than Duracordix! Our synthetic ropes","og_url":"https:\/\/duracordix.com\/vi\/chinh-sach-bao-mat\/","og_site_name":"Duracordix - Your Trusted Supplier for High-Performance Synthetic Rope &amp; Netting","article_publisher":"https:\/\/www.facebook.com\/duracordixsyntheticrope\/","article_modified_time":"2025-07-14T12:17:27+00:00","og_image":[{"width":512,"height":512,"url":"https:\/\/duracordix.com\/wp-content\/uploads\/2023\/11\/cropped-Duracordix2-\u526f\u672c.png","type":"image\/png"}],"twitter_card":"summary_large_image","twitter_title":"Privacy Policy","twitter_description":"Privacy Policy - Looking for quality synthetic fiber ropes that can withstand heavy use? Look no further than Duracordix! Our synthetic ropes","twitter_image":"https:\/\/duracordix.com\/wp-content\/uploads\/2023\/11\/cropped-Duracordix2-\u526f\u672c.png","twitter_site":"@moses0817","twitter_misc":{"\u01af\u1edbc t\u00ednh th\u1eddi gian \u0111\u1ecdc":"3 ph\u00fat"},"schema":{"@context":"https:\/\/schema.org","@graph":[{"@type":"WebPage","@id":"https:\/\/duracordix.com\/privacy-policy\/","url":"https:\/\/duracordix.com\/privacy-policy\/","name":"Ch\u00ednh s\u00e1ch b\u1ea3o m\u1eadt - Duracordix - Nh\u00e0 cung c\u1ea5p \u0111\u00e1ng tin c\u1eady c\u1ee7a b\u1ea1n v\u1ec1 d\u00e2y th\u1eebng v\u00e0 l\u01b0\u1edbi t\u1ed5ng h\u1ee3p hi\u1ec7u su\u1ea5t cao","isPartOf":{"@id":"https:\/\/duracordix.com\/#website"},"datePublished":"2023-11-01T06:16:59+00:00","dateModified":"2025-07-14T12:17:27+00:00","description":"Ch\u00ednh s\u00e1ch B\u1ea3o m\u1eadt - B\u1ea1n \u0111ang t\u00ecm ki\u1ebfm d\u00e2y th\u1eebng s\u1ee3i t\u1ed5ng h\u1ee3p ch\u1ea5t l\u01b0\u1ee3ng cao, c\u00f3 th\u1ec3 ch\u1ecbu \u0111\u01b0\u1ee3c c\u01b0\u1eddng \u0111\u1ed9 s\u1eed d\u1ee5ng l\u1edbn? H\u00e3y \u0111\u1ebfn v\u1edbi Duracordix! D\u00e2y th\u1eebng t\u1ed5ng h\u1ee3p c\u1ee7a ch\u00fang t\u00f4i","breadcrumb":{"@id":"https:\/\/duracordix.com\/privacy-policy\/#breadcrumb"},"inLanguage":"vi","potentialAction":[{"@type":"ReadAction","target":["https:\/\/duracordix.com\/privacy-policy\/"]}]},{"@type":"BreadcrumbList","@id":"https:\/\/duracordix.com\/privacy-policy\/#breadcrumb","itemListElement":[{"@type":"ListItem","position":1,"name":"Homepage","item":"https:\/\/duracordix.com\/"},{"@type":"ListItem","position":2,"name":"Privacy Policy"}]},{"@type":"WebSite","@id":"https:\/\/duracordix.com\/#website","url":"https:\/\/duracordix.com\/","name":"Duracordix - Nh\u00e0 cung c\u1ea5p \u0111\u00e1ng tin c\u1eady c\u1ee7a b\u1ea1n v\u1ec1 d\u00e2y th\u1eebng t\u1ed5ng h\u1ee3p hi\u1ec7u su\u1ea5t cao","description":"Nh\u00e0 cung c\u1ea5p gi\u1ea3i ph\u00e1p d\u00e2y th\u1eebng v\u00e0 l\u01b0\u1edbi t\u1ed5ng h\u1ee3p cho vi\u1ec7c k\u00e9o xe, neo \u0111\u1eadu, \u0111\u00e1nh b\u1eaft c\u00e1, x\u00e2y d\u1ef1ng v\u00e0 nhi\u1ec1u l\u0129nh v\u1ef1c kh\u00e1c!","publisher":{"@id":"https:\/\/duracordix.com\/#organization"},"potentialAction":[{"@type":"SearchAction","target":{"@type":"EntryPoint","urlTemplate":"https:\/\/duracordix.com\/?s={search_term_string}"},"query-input":{"@type":"PropertyValueSpecification","valueRequired":true,"valueName":"search_term_string"}}],"inLanguage":"vi"},{"@type":"Organization","@id":"https:\/\/duracordix.com\/#organization","name":"Duracordix - Nh\u00e0 cung c\u1ea5p \u0111\u00e1ng tin c\u1eady c\u1ee7a b\u1ea1n v\u1ec1 d\u00e2y th\u1eebng t\u1ed5ng h\u1ee3p hi\u1ec7u su\u1ea5t cao","url":"https:\/\/duracordix.com\/","logo":{"@type":"ImageObject","inLanguage":"vi","@id":"https:\/\/duracordix.com\/#\/schema\/logo\/image\/","url":"https:\/\/duracordix.com\/wp-content\/uploads\/2023\/12\/Duracordix-Logo-New.png","contentUrl":"https:\/\/duracordix.com\/wp-content\/uploads\/2023\/12\/Duracordix-Logo-New.png","width":1008,"height":486,"caption":"Duracordix - Your Trusted Supplier for High-Performance Synthetic Ropes"},"image":{"@id":"https:\/\/duracordix.com\/#\/schema\/logo\/image\/"},"sameAs":["https:\/\/www.facebook.com\/duracordixsyntheticrope\/","https:\/\/x.com\/moses0817","https:\/\/www.linkedin.com\/company\/duracordix-synthetic-rope\/","https:\/\/www.youtube.com\/@duracordixsyntheticrope","https:\/\/www.instagram.com\/duracordix_synthetic_rope7\/"]}]}},"_links":{"self":[{"href":"https:\/\/duracordix.com\/vi\/wp-json\/wp\/v2\/pages\/26656","targetHints":{"allow":["GET"]}}],"collection":[{"href":"https:\/\/duracordix.com\/vi\/wp-json\/wp\/v2\/pages"}],"about":[{"href":"https:\/\/duracordix.com\/vi\/wp-json\/wp\/v2\/types\/page"}],"author":[{"embeddable":true,"href":"https:\/\/duracordix.com\/vi\/wp-json\/wp\/v2\/users\/1"}],"replies":[{"embeddable":true,"href":"https:\/\/duracordix.com\/vi\/wp-json\/wp\/v2\/comments?post=26656"}],"version-history":[{"count":0,"href":"https:\/\/duracordix.com\/vi\/wp-json\/wp\/v2\/pages\/26656\/revisions"}],"wp:attachment":[{"href":"https:\/\/duracordix.com\/vi\/wp-json\/wp\/v2\/media?parent=26656"}],"curies":[{"name":"wp","href":"https:\/\/api.w.org\/{rel}","templated":true}]}}